{"id":181,"date":"2020-01-15T09:53:43","date_gmt":"2020-01-15T08:53:43","guid":{"rendered":"https:\/\/rozhledy.jcmf.cz\/?page_id=181"},"modified":"2023-03-25T08:11:45","modified_gmt":"2023-03-25T07:11:45","slug":"rocnik-94-2019-cislo-4","status":"publish","type":"page","link":"https:\/\/rozhledy.jcmf.cz\/index.php\/archiv\/rocnik-94-2019-cislo-4\/","title":{"rendered":"Ro\u010dn\u00edk 94 (2019), \u010d\u00edslo 4"},"content":{"rendered":"\n<p><strong>OBSAH<\/strong><br><em>P. Zahradn\u00edk<\/em>: Line\u00e1rn\u00ed optimalizace<br><em>V. Dlab<\/em>: Kr\u00e1tk\u00fd p\u0159\u00edb\u011bh o obecn\u00e9m tvaru Pythagorovy v\u011bty<br><em>I. Kraus<\/em>: O tradic\u00edch rakousk\u00e9 fyziky &#8211; 2. \u010d\u00e1st<br><em>J. Libovick\u00fd<\/em>: Neuronov\u00e9 s\u00edt\u011b a automatick\u00fd p\u0159eklad<br><em>M. Kov\u00e1\u0159<\/em>: Matematick\u00e1 sout\u011b\u017e Pangea<br><em>Z. \u0160\u00edr<\/em>: St\u0159edoevropsk\u00e1 matematick\u00e1 olympi\u00e1da MEMO 2019<br><em>Z. Janout<\/em>: Recenze knihy <em>V\u011bda v \u010desk\u00fdch zem\u00edch: D\u011bjiny fyziky,<\/em><br><em>   geografie, geologie, chemie a matematiky<\/em> autora I. Krause<br><em>R. Jajcay, T. Jajcayov\u00e1<\/em>: Recenze knihy <em>Really Big Numbers<\/em><br>   autora Richarda Evana Schwartze <\/p>\n\n\n\n<p style=\"text-align:right\"> <a href=\"https:\/\/rozhledy.jcmf.cz\/wp-content\/uploads\/RMF-94-4.pdf\" target=\"_blank\" rel=\"noreferrer noopener\" aria-label=\" (otev\u0159e se na nov\u00e9 z\u00e1lo\u017ece)\">PDF verze ke sta\u017een\u00ed<\/a>  <\/p>\n","protected":false},"excerpt":{"rendered":"<p>OBSAHP. Zahradn\u00edk: Line\u00e1rn\u00ed optimalizaceV. Dlab: Kr\u00e1tk\u00fd p\u0159\u00edb\u011bh o obecn\u00e9m tvaru Pythagorovy v\u011btyI. Kraus: O tradic\u00edch rakousk\u00e9 fyziky &#8211; 2. \u010d\u00e1stJ. Libovick\u00fd: Neuronov\u00e9 s\u00edt\u011b a automatick\u00fd p\u0159ekladM. Kov\u00e1\u0159: Matematick\u00e1 sout\u011b\u017e PangeaZ. \u0160\u00edr: St\u0159edoevropsk\u00e1 matematick\u00e1 olympi\u00e1da MEMO 2019Z. Janout: Recenze knihy V\u011bda v \u010desk\u00fdch zem\u00edch: D\u011bjiny fyziky, geografie, geologie, chemie a matematiky autora I. KrauseR. Jajcay, T. &hellip; <a href=\"https:\/\/rozhledy.jcmf.cz\/index.php\/archiv\/rocnik-94-2019-cislo-4\/\" class=\"more-link\">Pokra\u010dovat ve \u010dten\u00ed<span class=\"screen-reader-text\"> &#8222;Ro\u010dn\u00edk 94 (2019), \u010d\u00edslo 4&#8220;<\/span><\/a><\/p>\n","protected":false},"author":1,"featured_media":0,"parent":96,"menu_order":0,"comment_status":"closed","ping_status":"closed","template":"","meta":{"footnotes":""},"class_list":["post-181","page","type-page","status-publish","hentry"],"_links":{"self":[{"href":"https:\/\/rozhledy.jcmf.cz\/index.php\/wp-json\/wp\/v2\/pages\/181","targetHints":{"allow":["GET"]}}],"collection":[{"href":"https:\/\/rozhledy.jcmf.cz\/index.php\/wp-json\/wp\/v2\/pages"}],"about":[{"href":"https:\/\/rozhledy.jcmf.cz\/index.php\/wp-json\/wp\/v2\/types\/page"}],"author":[{"embeddable":true,"href":"https:\/\/rozhledy.jcmf.cz\/index.php\/wp-json\/wp\/v2\/users\/1"}],"replies":[{"embeddable":true,"href":"https:\/\/rozhledy.jcmf.cz\/index.php\/wp-json\/wp\/v2\/comments?post=181"}],"version-history":[{"count":4,"href":"https:\/\/rozhledy.jcmf.cz\/index.php\/wp-json\/wp\/v2\/pages\/181\/revisions"}],"predecessor-version":[{"id":534,"href":"https:\/\/rozhledy.jcmf.cz\/index.php\/wp-json\/wp\/v2\/pages\/181\/revisions\/534"}],"up":[{"embeddable":true,"href":"https:\/\/rozhledy.jcmf.cz\/index.php\/wp-json\/wp\/v2\/pages\/96"}],"wp:attachment":[{"href":"https:\/\/rozhledy.jcmf.cz\/index.php\/wp-json\/wp\/v2\/media?parent=181"}],"curies":[{"name":"wp","href":"https:\/\/api.w.org\/{rel}","templated":true}]}}