{"id":22,"date":"2019-08-26T14:13:12","date_gmt":"2019-08-26T13:13:12","guid":{"rendered":"https:\/\/rozhledy.jcmf.cz\/?page_id=22"},"modified":"2023-02-22T09:06:42","modified_gmt":"2023-02-22T08:06:42","slug":"odkazy","status":"publish","type":"page","link":"https:\/\/rozhledy.jcmf.cz\/index.php\/odkazy\/","title":{"rendered":"Odkazy"},"content":{"rendered":"\n<ul class=\"wp-block-list\"><li><a rel=\"noreferrer noopener\" aria-label=\"Jednota \u010desk\u00fdch matematik\u016f a fyzik\u016f (otev\u0159e se na nov\u00e9 z\u00e1lo\u017ece)\" href=\"https:\/\/www.jcmf.cz\/\" target=\"_blank\">Jednota \u010desk\u00fdch matematik\u016f a fyzik\u016f<\/a><ul><li><a rel=\"noreferrer noopener\" aria-label=\"\u010cesk\u00e1 fyzik\u00e1ln\u00ed spole\u010dnost (otev\u0159e se na nov\u00e9 z\u00e1lo\u017ece)\" href=\"http:\/\/www-ucjf.troja.mff.cuni.cz\/cfs\/\" target=\"_blank\">\u010cesk\u00e1 fyzik\u00e1ln\u00ed spole\u010dnost<\/a><\/li><li><a rel=\"noreferrer noopener\" aria-label=\"\u010cesk\u00e1 matematick\u00e1 spole\u010dnost (otev\u0159e se na nov\u00e9 z\u00e1lo\u017ece)\" href=\"https:\/\/www.jcmf.cz\/node\/518\" target=\"_blank\">\u010cesk\u00e1 matematick\u00e1 spole\u010dnost<\/a><\/li><li><a rel=\"noreferrer noopener\" aria-label=\"Fyzik\u00e1ln\u00ed pedagogick\u00e1 spole\u010dnost (otev\u0159e se na nov\u00e9 z\u00e1lo\u017ece)\" href=\"http:\/\/www.jcmf.cz\/node\/278\" target=\"_blank\">Fyzik\u00e1ln\u00ed pedagogick\u00e1 spole\u010dnost<\/a><\/li><li><a rel=\"noreferrer noopener\" aria-label=\"Spole\u010dnost u\u010ditel\u016f matematiky (otev\u0159e se na nov\u00e9 z\u00e1lo\u017ece)\" href=\"https:\/\/www.suma.jcmf.cz\/\" target=\"_blank\">Spole\u010dnost u\u010ditel\u016f matematiky<\/a><\/li><\/ul><\/li><li><a rel=\"noreferrer noopener\" aria-label=\"Digit\u00e1ln\u00ed matematick\u00e1 knihovna (otev\u0159e se na nov\u00e9 z\u00e1lo\u017ece)\" href=\"https:\/\/dml.cz\/\" target=\"_blank\">Digit\u00e1ln\u00ed matematick\u00e1 knihovna<\/a><\/li><\/ul>\n\n\n\n<ul class=\"wp-block-list\"><li>Dal\u0161\u00ed \u010dasopisy s podobnou tematikou<ul><li> <a rel=\"noreferrer noopener\" aria-label=\"Pokroky matematiky, fyziky a astronomie (otev\u0159e se na nov\u00e9 z\u00e1lo\u017ece)\" href=\"https:\/\/jcmf.cz\/?q=cz\/node\/39\" target=\"_blank\">Pokroky matematiky, fyziky a astronomie<\/a><\/li><li> <a rel=\"noreferrer noopener\" aria-label=\"Matematika-fyzika-informatika  (otev\u0159e se na nov\u00e9 z\u00e1lo\u017ece)\" href=\"https:\/\/mfi.upol.cz\/index.php\/mfi\" target=\"_blank\">Matematika-fyzika-informatika <\/a><\/li><li> <a href=\"https:\/\/ojs.cuni.cz\/ucitel\/\" target=\"_blank\" rel=\"noreferrer noopener\" aria-label=\" (otev\u0159e se na nov\u00e9 z\u00e1lo\u017ece)\">U\u010ditel matematiky<\/a><\/li><li><a rel=\"noreferrer noopener\" aria-label=\" \u010ceskoslovensk\u00fd \u010dasopis pro fyziku (otev\u0159e se na nov\u00e9 z\u00e1lo\u017ece)\" href=\"https:\/\/ccf.fzu.cz\/\" target=\"_blank\"> \u010ceskoslovensk\u00fd \u010dasopis pro fyziku<\/a><\/li><\/ul><\/li><\/ul>\n\n\n\n<hr class=\"wp-block-separator\"\/>\n\n\n\n<p><\/p>\n","protected":false},"excerpt":{"rendered":"<p>Jednota \u010desk\u00fdch matematik\u016f a fyzik\u016f \u010cesk\u00e1 fyzik\u00e1ln\u00ed spole\u010dnost \u010cesk\u00e1 matematick\u00e1 spole\u010dnost Fyzik\u00e1ln\u00ed pedagogick\u00e1 spole\u010dnost Spole\u010dnost u\u010ditel\u016f matematiky Digit\u00e1ln\u00ed matematick\u00e1 knihovna Dal\u0161\u00ed \u010dasopisy s podobnou tematikou Pokroky matematiky, fyziky a astronomie Matematika-fyzika-informatika U\u010ditel matematiky \u010ceskoslovensk\u00fd \u010dasopis pro fyziku<\/p>\n","protected":false},"author":1,"featured_media":0,"parent":0,"menu_order":0,"comment_status":"closed","ping_status":"closed","template":"","meta":{"footnotes":""},"class_list":["post-22","page","type-page","status-publish","hentry"],"_links":{"self":[{"href":"https:\/\/rozhledy.jcmf.cz\/index.php\/wp-json\/wp\/v2\/pages\/22","targetHints":{"allow":["GET"]}}],"collection":[{"href":"https:\/\/rozhledy.jcmf.cz\/index.php\/wp-json\/wp\/v2\/pages"}],"about":[{"href":"https:\/\/rozhledy.jcmf.cz\/index.php\/wp-json\/wp\/v2\/types\/page"}],"author":[{"embeddable":true,"href":"https:\/\/rozhledy.jcmf.cz\/index.php\/wp-json\/wp\/v2\/users\/1"}],"replies":[{"embeddable":true,"href":"https:\/\/rozhledy.jcmf.cz\/index.php\/wp-json\/wp\/v2\/comments?post=22"}],"version-history":[{"count":3,"href":"https:\/\/rozhledy.jcmf.cz\/index.php\/wp-json\/wp\/v2\/pages\/22\/revisions"}],"predecessor-version":[{"id":470,"href":"https:\/\/rozhledy.jcmf.cz\/index.php\/wp-json\/wp\/v2\/pages\/22\/revisions\/470"}],"wp:attachment":[{"href":"https:\/\/rozhledy.jcmf.cz\/index.php\/wp-json\/wp\/v2\/media?parent=22"}],"curies":[{"name":"wp","href":"https:\/\/api.w.org\/{rel}","templated":true}]}}