{"id":245,"date":"2020-04-10T10:23:33","date_gmt":"2020-04-10T09:23:33","guid":{"rendered":"https:\/\/rozhledy.jcmf.cz\/?page_id=245"},"modified":"2023-03-25T08:19:53","modified_gmt":"2023-03-25T07:19:53","slug":"rocnik-95-2020-cislo-1","status":"publish","type":"page","link":"https:\/\/rozhledy.jcmf.cz\/index.php\/archiv\/rocnik-95-2020-cislo-1\/","title":{"rendered":"Ro\u010dn\u00edk 95 (2020), \u010d\u00edslo 1"},"content":{"rendered":"\n<p><strong>OBSAH<\/strong><br><em>R. Erban: <\/em>Matematick\u00e1 biologie: Popula\u010dn\u00ed modely, dynamika a chaos<br><em>A. Hru\u0161kov\u00e1:<\/em> Od koresponden\u010dn\u00edch semin\u00e1\u0159\u016f p\u0159es Anglii do Ma\u010farska<br><em>V. Kloud:<\/em> Geometrick\u00e9 \u0159e\u0161en\u00ed probl\u00e9mu brachistochrony<br><em>M. Ka\u0161parov\u00e1:<\/em> Elegantn\u00ed \u0159e\u0161en\u00ed \u00falohy MO<br><em>T. F\u00fcrst, J. Strojil, H. \u0160imkov\u00e1:<\/em> Velk\u00e1 drogov\u00e1 kocovina<br><em>A. \u0160olcov\u00e1:<\/em> Fyzika o\u010dima Komensk\u00e9ho<br><em>D. Krop\u00e1\u010dkov\u00e1:<\/em> M\u011b\u0159en\u00ed rotace plazmatu na tokamaku GOLEM<br><em>I. Kraus:<\/em> Sly\u0161en\u00e9 slovo pom\u00edj\u00ed, napsan\u00e9 trv\u00e1<br><em>P. Pokorn\u00fd<\/em>: Jak dost\u0159\u00edknout co nejd\u00e1le<br><em>M. Smie\u0161kov\u00e1<\/em>: Bu\u010f, \u010d\u00edm chce\u0161. U\u017e na st\u0159edn\u00ed<br><em>K. K\u0159\u00ed\u017ekov\u00e1 Gajdo\u0161ov\u00e1, J. Biel\u010d\u00edk:<\/em> Sta\u0148 se na den v\u011bdkyn\u00ed<br><em>J. Valenta:<\/em> \u010ceskoslovensk\u00fd \u010dasopis pro fyziku <\/p>\n\n\n\n<p style=\"text-align:right\"> <a href=\"https:\/\/rozhledy.jcmf.cz\/wp-content\/uploads\/RMF-95-1.pdf\" target=\"_blank\" rel=\"noreferrer noopener\" aria-label=\" (otev\u0159e se na nov\u00e9 z\u00e1lo\u017ece)\">PDF verze ke sta\u017een\u00ed<\/a><\/p>\n","protected":false},"excerpt":{"rendered":"<p>OBSAHR. Erban: Matematick\u00e1 biologie: Popula\u010dn\u00ed modely, dynamika a chaosA. Hru\u0161kov\u00e1: Od koresponden\u010dn\u00edch semin\u00e1\u0159\u016f p\u0159es Anglii do Ma\u010farskaV. Kloud: Geometrick\u00e9 \u0159e\u0161en\u00ed probl\u00e9mu brachistochronyM. Ka\u0161parov\u00e1: Elegantn\u00ed \u0159e\u0161en\u00ed \u00falohy MOT. F\u00fcrst, J. Strojil, H. \u0160imkov\u00e1: Velk\u00e1 drogov\u00e1 kocovinaA. \u0160olcov\u00e1: Fyzika o\u010dima Komensk\u00e9hoD. Krop\u00e1\u010dkov\u00e1: M\u011b\u0159en\u00ed rotace plazmatu na tokamaku GOLEMI. Kraus: Sly\u0161en\u00e9 slovo pom\u00edj\u00ed, napsan\u00e9 trv\u00e1P. Pokorn\u00fd: Jak dost\u0159\u00edknout &hellip; <a href=\"https:\/\/rozhledy.jcmf.cz\/index.php\/archiv\/rocnik-95-2020-cislo-1\/\" class=\"more-link\">Pokra\u010dovat ve \u010dten\u00ed<span class=\"screen-reader-text\"> &#8222;Ro\u010dn\u00edk 95 (2020), \u010d\u00edslo 1&#8220;<\/span><\/a><\/p>\n","protected":false},"author":1,"featured_media":0,"parent":96,"menu_order":0,"comment_status":"closed","ping_status":"closed","template":"","meta":{"footnotes":""},"class_list":["post-245","page","type-page","status-publish","hentry"],"_links":{"self":[{"href":"https:\/\/rozhledy.jcmf.cz\/index.php\/wp-json\/wp\/v2\/pages\/245","targetHints":{"allow":["GET"]}}],"collection":[{"href":"https:\/\/rozhledy.jcmf.cz\/index.php\/wp-json\/wp\/v2\/pages"}],"about":[{"href":"https:\/\/rozhledy.jcmf.cz\/index.php\/wp-json\/wp\/v2\/types\/page"}],"author":[{"embeddable":true,"href":"https:\/\/rozhledy.jcmf.cz\/index.php\/wp-json\/wp\/v2\/users\/1"}],"replies":[{"embeddable":true,"href":"https:\/\/rozhledy.jcmf.cz\/index.php\/wp-json\/wp\/v2\/comments?post=245"}],"version-history":[{"count":6,"href":"https:\/\/rozhledy.jcmf.cz\/index.php\/wp-json\/wp\/v2\/pages\/245\/revisions"}],"predecessor-version":[{"id":543,"href":"https:\/\/rozhledy.jcmf.cz\/index.php\/wp-json\/wp\/v2\/pages\/245\/revisions\/543"}],"up":[{"embeddable":true,"href":"https:\/\/rozhledy.jcmf.cz\/index.php\/wp-json\/wp\/v2\/pages\/96"}],"wp:attachment":[{"href":"https:\/\/rozhledy.jcmf.cz\/index.php\/wp-json\/wp\/v2\/media?parent=245"}],"curies":[{"name":"wp","href":"https:\/\/api.w.org\/{rel}","templated":true}]}}