{"id":278,"date":"2020-10-12T19:00:26","date_gmt":"2020-10-12T18:00:26","guid":{"rendered":"https:\/\/rozhledy.jcmf.cz\/?page_id=278"},"modified":"2023-03-25T08:20:17","modified_gmt":"2023-03-25T07:20:17","slug":"rocnik-95-2020-cislo-3","status":"publish","type":"page","link":"https:\/\/rozhledy.jcmf.cz\/index.php\/archiv\/rocnik-95-2020-cislo-3\/","title":{"rendered":"Ro\u010dn\u00edk 95 (2020), \u010d\u00edslo 3"},"content":{"rendered":"\n<p><strong>OBSAH<\/strong><br><em>K. Pane\u0161ov\u00e1: <\/em>Hausdorffova dimenze frakt\u00e1ln\u00edch mno\u017ein<br><em>J. Lach: <\/em>Ortocentrick\u00e9 \u010dtve\u0159ice bod\u016f a troj\u00faheln\u00edk\u016f<br><em>O. Bukoviansk\u00fd<\/em>: Algebraick\u00e9 identity a cirkula\u010dn\u00ed matice<br><em>P. Pokorn\u00fd:<\/em> Jak budu spl\u00e1cet hypot\u00e9ku<br><em>E. Calda: <\/em>Permutace s opakov\u00e1n\u00edm a rozmis\u0165ov\u00e1n\u00ed do p\u0159ihr\u00e1dek<br><em>J. Bedn\u00e1\u0159, J. Kop\u00e1\u010dek, M. \u017d\u00e1k: <\/em>Z\u00e1\u0159en\u00ed v atmosf\u00e9\u0159e Zem\u011b &#8211; od rozptylu a absorpce ke glob\u00e1ln\u00edmu oteplov\u00e1n\u00ed<br><em>V. Koudelkov\u00e1: <\/em>Fyzik\u00e1ln\u00ed toulky: K\u0159\u00ed\u017eem kr\u00e1\u017eem republikou<br><em>P. T\u00f6pfer: <\/em>St\u0159edoevropsk\u00e1 olympi\u00e1da v informatice CEOI 2020<br><em>Z. Janout: <\/em>Upout\u00e1vka na knihu I. Kraus, \u0160. Zajac: \u010cesk\u00e1 a slovensk\u00e1 fyzika 1945-2005<br>Fyzik\u00e1ln\u00ed \u010dtvrtky na MFF <\/p>\n\n\n\n<p style=\"text-align:right\"> <a href=\"https:\/\/rozhledy.jcmf.cz\/wp-content\/uploads\/RMF-95-3.pdf\" target=\"_blank\" rel=\"noreferrer noopener\" aria-label=\" (otev\u0159e se na nov\u00e9 z\u00e1lo\u017ece)\">PDF verze ke sta\u017een\u00ed<\/a>   <\/p>\n","protected":false},"excerpt":{"rendered":"<p>OBSAHK. Pane\u0161ov\u00e1: Hausdorffova dimenze frakt\u00e1ln\u00edch mno\u017einJ. Lach: Ortocentrick\u00e9 \u010dtve\u0159ice bod\u016f a troj\u00faheln\u00edk\u016fO. Bukoviansk\u00fd: Algebraick\u00e9 identity a cirkula\u010dn\u00ed maticeP. Pokorn\u00fd: Jak budu spl\u00e1cet hypot\u00e9kuE. Calda: Permutace s opakov\u00e1n\u00edm a rozmis\u0165ov\u00e1n\u00ed do p\u0159ihr\u00e1dekJ. Bedn\u00e1\u0159, J. Kop\u00e1\u010dek, M. \u017d\u00e1k: Z\u00e1\u0159en\u00ed v atmosf\u00e9\u0159e Zem\u011b &#8211; od rozptylu a absorpce ke glob\u00e1ln\u00edmu oteplov\u00e1n\u00edV. Koudelkov\u00e1: Fyzik\u00e1ln\u00ed toulky: K\u0159\u00ed\u017eem kr\u00e1\u017eem republikouP. T\u00f6pfer: &hellip; <a href=\"https:\/\/rozhledy.jcmf.cz\/index.php\/archiv\/rocnik-95-2020-cislo-3\/\" class=\"more-link\">Pokra\u010dovat ve \u010dten\u00ed<span class=\"screen-reader-text\"> &#8222;Ro\u010dn\u00edk 95 (2020), \u010d\u00edslo 3&#8220;<\/span><\/a><\/p>\n","protected":false},"author":1,"featured_media":0,"parent":96,"menu_order":0,"comment_status":"closed","ping_status":"closed","template":"","meta":{"footnotes":""},"class_list":["post-278","page","type-page","status-publish","hentry"],"_links":{"self":[{"href":"https:\/\/rozhledy.jcmf.cz\/index.php\/wp-json\/wp\/v2\/pages\/278","targetHints":{"allow":["GET"]}}],"collection":[{"href":"https:\/\/rozhledy.jcmf.cz\/index.php\/wp-json\/wp\/v2\/pages"}],"about":[{"href":"https:\/\/rozhledy.jcmf.cz\/index.php\/wp-json\/wp\/v2\/types\/page"}],"author":[{"embeddable":true,"href":"https:\/\/rozhledy.jcmf.cz\/index.php\/wp-json\/wp\/v2\/users\/1"}],"replies":[{"embeddable":true,"href":"https:\/\/rozhledy.jcmf.cz\/index.php\/wp-json\/wp\/v2\/comments?post=278"}],"version-history":[{"count":4,"href":"https:\/\/rozhledy.jcmf.cz\/index.php\/wp-json\/wp\/v2\/pages\/278\/revisions"}],"predecessor-version":[{"id":544,"href":"https:\/\/rozhledy.jcmf.cz\/index.php\/wp-json\/wp\/v2\/pages\/278\/revisions\/544"}],"up":[{"embeddable":true,"href":"https:\/\/rozhledy.jcmf.cz\/index.php\/wp-json\/wp\/v2\/pages\/96"}],"wp:attachment":[{"href":"https:\/\/rozhledy.jcmf.cz\/index.php\/wp-json\/wp\/v2\/media?parent=278"}],"curies":[{"name":"wp","href":"https:\/\/api.w.org\/{rel}","templated":true}]}}