{"id":304,"date":"2021-01-25T09:56:13","date_gmt":"2021-01-25T08:56:13","guid":{"rendered":"https:\/\/rozhledy.jcmf.cz\/?page_id=304"},"modified":"2023-03-25T08:09:15","modified_gmt":"2023-03-25T07:09:15","slug":"rocnik-95-2020-cislo-4","status":"publish","type":"page","link":"https:\/\/rozhledy.jcmf.cz\/index.php\/archiv\/rocnik-95-2020-cislo-4\/","title":{"rendered":"Ro\u010dn\u00edk 95 (2020), \u010d\u00edslo 4"},"content":{"rendered":"\n<p><strong>OBSAH<\/strong><br><em>M. Forman: <\/em>Sestup uspo\u0159\u00e1dan\u00fdch trojic a \u010dtve\u0159ic<br><em>M. Bl\u00e1ha:<\/em> Za jak dlouhou dobu zdvojn\u00e1sob\u00edm sv\u00e9 pen\u00edze<br><em>V. David: <\/em>Geometrick\u00e1 \u0159e\u0161en\u00ed algebraick\u00fdch \u00faloh MO<br><em>J. M. N\u00e1jares Romero: <\/em>Geometrick\u00fd v\u00fdznam eulerova \u010d\u00edsla e<br><em>J. Bedn\u00e1\u0159, J. Kop\u00e1\u010dek, M. \u017d\u00e1k:<\/em> Obla\u010dn\u00e1 elekt\u0159ina &#8211; od zemsk\u00e9ho kondenz\u00e1toru ke kulov\u00e9mu blesku<br><em>P. Pokorn\u00fd: <\/em>Mechanick\u00fd akumul\u00e1tor<br><em>Z. Janout:<\/em> Upout\u00e1vka na knihu I. Krause: Fyzika &#8211; Encyklopedie velk\u00fdch objev\u016f a osobnost\u00ed<br><em>R. Rosa: <\/em>THEaiTRE: Um\u011bl\u00e1 inteligence p\u00ed\u0161e divadeln\u00ed hru<br><em>Z. Koupilov\u00e1:<\/em> Letn\u00ed soust\u0159ed\u011bn\u00ed mlad\u00fdch fyzik\u016f a matematik\u016f<\/p>\n\n\n\n<p style=\"text-align:right\"> <a href=\"https:\/\/rozhledy.jcmf.cz\/wp-content\/uploads\/RMF-95-4.pdf\" target=\"_blank\" rel=\"noreferrer noopener\" aria-label=\" (otev\u0159e se na nov\u00e9 z\u00e1lo\u017ece)\">PDF verze ke sta\u017een\u00ed<\/a>  <\/p>\n","protected":false},"excerpt":{"rendered":"<p>OBSAHM. Forman: Sestup uspo\u0159\u00e1dan\u00fdch trojic a \u010dtve\u0159icM. Bl\u00e1ha: Za jak dlouhou dobu zdvojn\u00e1sob\u00edm sv\u00e9 pen\u00edzeV. David: Geometrick\u00e1 \u0159e\u0161en\u00ed algebraick\u00fdch \u00faloh MOJ. M. N\u00e1jares Romero: Geometrick\u00fd v\u00fdznam eulerova \u010d\u00edsla eJ. Bedn\u00e1\u0159, J. Kop\u00e1\u010dek, M. \u017d\u00e1k: Obla\u010dn\u00e1 elekt\u0159ina &#8211; od zemsk\u00e9ho kondenz\u00e1toru ke kulov\u00e9mu bleskuP. Pokorn\u00fd: Mechanick\u00fd akumul\u00e1torZ. Janout: Upout\u00e1vka na knihu I. Krause: Fyzika &#8211; Encyklopedie &hellip; <a href=\"https:\/\/rozhledy.jcmf.cz\/index.php\/archiv\/rocnik-95-2020-cislo-4\/\" class=\"more-link\">Pokra\u010dovat ve \u010dten\u00ed<span class=\"screen-reader-text\"> &#8222;Ro\u010dn\u00edk 95 (2020), \u010d\u00edslo 4&#8220;<\/span><\/a><\/p>\n","protected":false},"author":1,"featured_media":0,"parent":96,"menu_order":0,"comment_status":"closed","ping_status":"closed","template":"","meta":{"footnotes":""},"class_list":["post-304","page","type-page","status-publish","hentry"],"_links":{"self":[{"href":"https:\/\/rozhledy.jcmf.cz\/index.php\/wp-json\/wp\/v2\/pages\/304","targetHints":{"allow":["GET"]}}],"collection":[{"href":"https:\/\/rozhledy.jcmf.cz\/index.php\/wp-json\/wp\/v2\/pages"}],"about":[{"href":"https:\/\/rozhledy.jcmf.cz\/index.php\/wp-json\/wp\/v2\/types\/page"}],"author":[{"embeddable":true,"href":"https:\/\/rozhledy.jcmf.cz\/index.php\/wp-json\/wp\/v2\/users\/1"}],"replies":[{"embeddable":true,"href":"https:\/\/rozhledy.jcmf.cz\/index.php\/wp-json\/wp\/v2\/comments?post=304"}],"version-history":[{"count":3,"href":"https:\/\/rozhledy.jcmf.cz\/index.php\/wp-json\/wp\/v2\/pages\/304\/revisions"}],"predecessor-version":[{"id":530,"href":"https:\/\/rozhledy.jcmf.cz\/index.php\/wp-json\/wp\/v2\/pages\/304\/revisions\/530"}],"up":[{"embeddable":true,"href":"https:\/\/rozhledy.jcmf.cz\/index.php\/wp-json\/wp\/v2\/pages\/96"}],"wp:attachment":[{"href":"https:\/\/rozhledy.jcmf.cz\/index.php\/wp-json\/wp\/v2\/media?parent=304"}],"curies":[{"name":"wp","href":"https:\/\/api.w.org\/{rel}","templated":true}]}}