{"id":364,"date":"2021-08-05T09:56:45","date_gmt":"2021-08-05T08:56:45","guid":{"rendered":"https:\/\/rozhledy.jcmf.cz\/?page_id=364"},"modified":"2023-03-25T08:20:52","modified_gmt":"2023-03-25T07:20:52","slug":"rocnik-96-2021-cislo-2","status":"publish","type":"page","link":"https:\/\/rozhledy.jcmf.cz\/index.php\/archiv\/rocnik-96-2021-cislo-2\/","title":{"rendered":"Ro\u010dn\u00edk 96 (2021), \u010d\u00edslo 2"},"content":{"rendered":"\n<p><strong>OBSAH<\/strong><br><em>P. Pokorn\u00fd<\/em>: Goniometrick\u00e9 nerovnosti<br><em>J. \u0158ada<\/em>: Matematick\u00e1 hra: Kur\u00fdr<br><em>F. Dolce<\/em>: Knots, knots. Who&#8217;s there?<br><em>M. \u010cernohorsk\u00fd, J. Musilov\u00e1<\/em>: Newtonovy pohybov\u00e9 z\u00e1kony &#8211; retrospektiva a sou\u010dasnost (1. \u010d\u00e1st)<br><em>L. Dvo\u0159\u00e1k<\/em>: Jak provokovat, kdy\u017e dostanete \u00falohu o p\u00e1du \u017eelezn\u00e9 a d\u0159ev\u011bn\u00e9 koule I.<br><em>T. Tyc<\/em>: Zaj\u00edmav\u00e1 fyzika II<\/p>\n\n\n\n<p style=\"text-align:right\"> <a href=\"https:\/\/rozhledy.jcmf.cz\/wp-content\/uploads\/RMF-96-2.pdf\" target=\"_blank\" rel=\"noreferrer noopener\" aria-label=\" (otev\u0159e se na nov\u00e9 z\u00e1lo\u017ece)\">PDF verze ke sta\u017een\u00ed<\/a>  <\/p>\n","protected":false},"excerpt":{"rendered":"<p>OBSAHP. Pokorn\u00fd: Goniometrick\u00e9 nerovnostiJ. \u0158ada: Matematick\u00e1 hra: Kur\u00fdrF. Dolce: Knots, knots. Who&#8217;s there?M. \u010cernohorsk\u00fd, J. Musilov\u00e1: Newtonovy pohybov\u00e9 z\u00e1kony &#8211; retrospektiva a sou\u010dasnost (1. \u010d\u00e1st)L. Dvo\u0159\u00e1k: Jak provokovat, kdy\u017e dostanete \u00falohu o p\u00e1du \u017eelezn\u00e9 a d\u0159ev\u011bn\u00e9 koule I.T. Tyc: Zaj\u00edmav\u00e1 fyzika II PDF verze ke sta\u017een\u00ed<\/p>\n","protected":false},"author":1,"featured_media":0,"parent":96,"menu_order":0,"comment_status":"closed","ping_status":"closed","template":"","meta":{"footnotes":""},"class_list":["post-364","page","type-page","status-publish","hentry"],"_links":{"self":[{"href":"https:\/\/rozhledy.jcmf.cz\/index.php\/wp-json\/wp\/v2\/pages\/364","targetHints":{"allow":["GET"]}}],"collection":[{"href":"https:\/\/rozhledy.jcmf.cz\/index.php\/wp-json\/wp\/v2\/pages"}],"about":[{"href":"https:\/\/rozhledy.jcmf.cz\/index.php\/wp-json\/wp\/v2\/types\/page"}],"author":[{"embeddable":true,"href":"https:\/\/rozhledy.jcmf.cz\/index.php\/wp-json\/wp\/v2\/users\/1"}],"replies":[{"embeddable":true,"href":"https:\/\/rozhledy.jcmf.cz\/index.php\/wp-json\/wp\/v2\/comments?post=364"}],"version-history":[{"count":5,"href":"https:\/\/rozhledy.jcmf.cz\/index.php\/wp-json\/wp\/v2\/pages\/364\/revisions"}],"predecessor-version":[{"id":545,"href":"https:\/\/rozhledy.jcmf.cz\/index.php\/wp-json\/wp\/v2\/pages\/364\/revisions\/545"}],"up":[{"embeddable":true,"href":"https:\/\/rozhledy.jcmf.cz\/index.php\/wp-json\/wp\/v2\/pages\/96"}],"wp:attachment":[{"href":"https:\/\/rozhledy.jcmf.cz\/index.php\/wp-json\/wp\/v2\/media?parent=364"}],"curies":[{"name":"wp","href":"https:\/\/api.w.org\/{rel}","templated":true}]}}