{"id":377,"date":"2021-10-31T18:12:54","date_gmt":"2021-10-31T17:12:54","guid":{"rendered":"https:\/\/rozhledy.jcmf.cz\/?page_id=377"},"modified":"2023-03-25T08:07:39","modified_gmt":"2023-03-25T07:07:39","slug":"rocnik-96-2021-cislo-3","status":"publish","type":"page","link":"https:\/\/rozhledy.jcmf.cz\/index.php\/archiv\/rocnik-96-2021-cislo-3\/","title":{"rendered":"Ro\u010dn\u00edk 96 (2021), \u010d\u00edslo 3"},"content":{"rendered":"\n<p><strong>OBSAH<\/strong><br><em>P. Pokorn\u00fd<\/em>: Po\u010d\u00edt\u00e1n\u00ed mnoho\u00faheln\u00edk\u016f<br><em>A. Filip\u010dukov\u00e1<\/em>: Extrem\u00e1ln\u00ed \u00falohy<br><em>V. Dlab<\/em>: A Closer Look at the Clock<br><em>M. \u010cernohorsk\u00fd, J. Musilov\u00e1<\/em>: Newtonovy pohybov\u00e9 z\u00e1kony &#8211; retrospektiva a sou\u010dasnost (2. \u010d\u00e1st)<br><em>L. Dvo\u0159\u00e1k<\/em>: Jak provokovat, kdy\u017e dostanete \u00falohu o p\u00e1du \u017eelezn\u00e9 a d\u0159ev\u011bn\u00e9 koule II<\/p>\n\n\n\n<p style=\"text-align:right\"> <a href=\"https:\/\/rozhledy.jcmf.cz\/wp-content\/uploads\/RMF-96-3.pdf\" target=\"_blank\" rel=\"noreferrer noopener\" aria-label=\" (otev\u0159e se na nov\u00e9 z\u00e1lo\u017ece)\">PDF verze ke sta\u017een\u00ed<\/a> <\/p>\n","protected":false},"excerpt":{"rendered":"<p>OBSAHP. Pokorn\u00fd: Po\u010d\u00edt\u00e1n\u00ed mnoho\u00faheln\u00edk\u016fA. Filip\u010dukov\u00e1: Extrem\u00e1ln\u00ed \u00falohyV. Dlab: A Closer Look at the ClockM. \u010cernohorsk\u00fd, J. Musilov\u00e1: Newtonovy pohybov\u00e9 z\u00e1kony &#8211; retrospektiva a sou\u010dasnost (2. \u010d\u00e1st)L. Dvo\u0159\u00e1k: Jak provokovat, kdy\u017e dostanete \u00falohu o p\u00e1du \u017eelezn\u00e9 a d\u0159ev\u011bn\u00e9 koule II PDF verze ke sta\u017een\u00ed<\/p>\n","protected":false},"author":1,"featured_media":0,"parent":96,"menu_order":0,"comment_status":"closed","ping_status":"closed","template":"","meta":{"footnotes":""},"class_list":["post-377","page","type-page","status-publish","hentry"],"_links":{"self":[{"href":"https:\/\/rozhledy.jcmf.cz\/index.php\/wp-json\/wp\/v2\/pages\/377","targetHints":{"allow":["GET"]}}],"collection":[{"href":"https:\/\/rozhledy.jcmf.cz\/index.php\/wp-json\/wp\/v2\/pages"}],"about":[{"href":"https:\/\/rozhledy.jcmf.cz\/index.php\/wp-json\/wp\/v2\/types\/page"}],"author":[{"embeddable":true,"href":"https:\/\/rozhledy.jcmf.cz\/index.php\/wp-json\/wp\/v2\/users\/1"}],"replies":[{"embeddable":true,"href":"https:\/\/rozhledy.jcmf.cz\/index.php\/wp-json\/wp\/v2\/comments?post=377"}],"version-history":[{"count":3,"href":"https:\/\/rozhledy.jcmf.cz\/index.php\/wp-json\/wp\/v2\/pages\/377\/revisions"}],"predecessor-version":[{"id":527,"href":"https:\/\/rozhledy.jcmf.cz\/index.php\/wp-json\/wp\/v2\/pages\/377\/revisions\/527"}],"up":[{"embeddable":true,"href":"https:\/\/rozhledy.jcmf.cz\/index.php\/wp-json\/wp\/v2\/pages\/96"}],"wp:attachment":[{"href":"https:\/\/rozhledy.jcmf.cz\/index.php\/wp-json\/wp\/v2\/media?parent=377"}],"curies":[{"name":"wp","href":"https:\/\/api.w.org\/{rel}","templated":true}]}}