{"id":393,"date":"2022-01-18T09:48:09","date_gmt":"2022-01-18T08:48:09","guid":{"rendered":"https:\/\/rozhledy.jcmf.cz\/?page_id=393"},"modified":"2023-03-25T08:17:07","modified_gmt":"2023-03-25T07:17:07","slug":"rocnik-96-2021-cislo-4","status":"publish","type":"page","link":"https:\/\/rozhledy.jcmf.cz\/index.php\/archiv\/rocnik-96-2021-cislo-4\/","title":{"rendered":"Ro\u010dn\u00edk 96 (2021), \u010d\u00edslo 4"},"content":{"rendered":"\n<p><strong>OBSAH<\/strong><br><em>V. Dlab<\/em>: Obsah a obvod obd\u00e9ln\u00edk\u016f<br><em>V. Dlab<\/em>: Pozn\u00e1mka o d\u011blitelnosti \u010d\u00edsel<br><em>M. Dvo\u0159\u00e1k, J. Havelka<\/em>: Nekone\u010dna<br><em>P. Pokorn\u00fd<\/em>: Soub\u011bh narozenin<br><em>Z. Halas<\/em>: Recenze knihy Liping Ma: Zn\u00e1t a u\u010dit element\u00e1rn\u00ed  matematiku. Jak u\u010ditel\u00e9 v \u010c\u00edn\u011b a ve Spojen\u00fdch st\u00e1tech  rozum\u00ed z\u00e1kladn\u00ed matematice<br><em>L. Dvo\u0159\u00e1k<\/em>: Jak provokovat, kdy\u017e dostanete \u00falohu o p\u00e1du \u017eelezn\u00e9 a d\u0159ev\u011bn\u00e9 koule III<br><em>F. J\u00e1chim<\/em>: Augustin Jean Fresnel (1788-1827)<br><em>P. Pokorn\u00fd<\/em>: Kdy ma\u010dk\u00e1n\u00edm zved\u00e1me<br><em>J. \u00d3bertov\u00e1, J. Biel\u010d\u00edk<\/em>: Sta\u0148 se na den v\u011bdkyn\u00ed 2022<\/p>\n\n\n\n<p style=\"text-align:right\"> <a rel=\"noreferrer noopener\" aria-label=\" (otev\u0159e se na nov\u00e9 z\u00e1lo\u017ece)\" href=\"https:\/\/rozhledy.jcmf.cz\/wp-content\/uploads\/RMF-96-4.pdf\" target=\"_blank\">PDF verze ke sta\u017een\u00ed<\/a><\/p>\n","protected":false},"excerpt":{"rendered":"<p>OBSAHV. Dlab: Obsah a obvod obd\u00e9ln\u00edk\u016fV. Dlab: Pozn\u00e1mka o d\u011blitelnosti \u010d\u00edselM. Dvo\u0159\u00e1k, J. Havelka: Nekone\u010dnaP. Pokorn\u00fd: Soub\u011bh narozeninZ. Halas: Recenze knihy Liping Ma: Zn\u00e1t a u\u010dit element\u00e1rn\u00ed matematiku. Jak u\u010ditel\u00e9 v \u010c\u00edn\u011b a ve Spojen\u00fdch st\u00e1tech rozum\u00ed z\u00e1kladn\u00ed matematiceL. Dvo\u0159\u00e1k: Jak provokovat, kdy\u017e dostanete \u00falohu o p\u00e1du \u017eelezn\u00e9 a d\u0159ev\u011bn\u00e9 koule IIIF. J\u00e1chim: Augustin Jean &hellip; <a href=\"https:\/\/rozhledy.jcmf.cz\/index.php\/archiv\/rocnik-96-2021-cislo-4\/\" class=\"more-link\">Pokra\u010dovat ve \u010dten\u00ed<span class=\"screen-reader-text\"> &#8222;Ro\u010dn\u00edk 96 (2021), \u010d\u00edslo 4&#8220;<\/span><\/a><\/p>\n","protected":false},"author":1,"featured_media":0,"parent":96,"menu_order":0,"comment_status":"closed","ping_status":"closed","template":"","meta":{"footnotes":""},"class_list":["post-393","page","type-page","status-publish","hentry"],"_links":{"self":[{"href":"https:\/\/rozhledy.jcmf.cz\/index.php\/wp-json\/wp\/v2\/pages\/393","targetHints":{"allow":["GET"]}}],"collection":[{"href":"https:\/\/rozhledy.jcmf.cz\/index.php\/wp-json\/wp\/v2\/pages"}],"about":[{"href":"https:\/\/rozhledy.jcmf.cz\/index.php\/wp-json\/wp\/v2\/types\/page"}],"author":[{"embeddable":true,"href":"https:\/\/rozhledy.jcmf.cz\/index.php\/wp-json\/wp\/v2\/users\/1"}],"replies":[{"embeddable":true,"href":"https:\/\/rozhledy.jcmf.cz\/index.php\/wp-json\/wp\/v2\/comments?post=393"}],"version-history":[{"count":4,"href":"https:\/\/rozhledy.jcmf.cz\/index.php\/wp-json\/wp\/v2\/pages\/393\/revisions"}],"predecessor-version":[{"id":539,"href":"https:\/\/rozhledy.jcmf.cz\/index.php\/wp-json\/wp\/v2\/pages\/393\/revisions\/539"}],"up":[{"embeddable":true,"href":"https:\/\/rozhledy.jcmf.cz\/index.php\/wp-json\/wp\/v2\/pages\/96"}],"wp:attachment":[{"href":"https:\/\/rozhledy.jcmf.cz\/index.php\/wp-json\/wp\/v2\/media?parent=393"}],"curies":[{"name":"wp","href":"https:\/\/api.w.org\/{rel}","templated":true}]}}