{"id":419,"date":"2022-09-22T07:35:08","date_gmt":"2022-09-22T06:35:08","guid":{"rendered":"https:\/\/rozhledy.jcmf.cz\/?page_id=419"},"modified":"2023-03-25T08:05:39","modified_gmt":"2023-03-25T07:05:39","slug":"rocnik-97-2022-cislo-2","status":"publish","type":"page","link":"https:\/\/rozhledy.jcmf.cz\/index.php\/archiv\/rocnik-97-2022-cislo-2\/","title":{"rendered":"Ro\u010dn\u00edk 97 (2022), \u010d\u00edslo 2"},"content":{"rendered":"\n<p><strong>OBSAH<\/strong><br><em>V. Dlab<\/em>: Kouzlo Sierpi\u0144sk\u00e9ho troj\u00faheln\u00edku \/ The Magic of the Sierpi\u0144ski Triangle<br>Rozhovor s profesorem Vlastimilem Dlabem<br><em>J. Kostkov\u00e1<\/em>: Ve v\u00edru v\u00edr\u016f<br>Matematick\u00e9 o\u0159\u00ed\u0161ky: Obd\u00e9ln\u00edkov\u00e1 kouzla<br><em>M. Blaschke<\/em>: Turnaj mlad\u00fdch fyzik\u016f z pohledu porotce<br><em>V. \u0160ebel\u00edk<\/em>: Laser speckle &#8211; neot\u0159el\u00fd experiment ve v\u00fduce fyziky<br><em>F. J\u00e1chim<\/em>: Nikola Tesla (1856-1943) &#8211; pr\u016fkopn\u00edk st\u0159\u00eddav\u00e9ho proudu<br><em>T. B\u00e1rta<\/em>: Matematick\u00e1 olympi\u00e1da<br>\u0158e\u0161en\u00ed \u00falohy MO krajsk\u00e9ho kola kategorie B<br><em>S. Gottwald<\/em>: Zpr\u00e1va o pr\u016fb\u011bhu Fyzik\u00e1ln\u00ed olympi\u00e1dy v Praze<\/p>\n\n\n\n<p style=\"text-align:right\"> <a href=\"https:\/\/rozhledy.jcmf.cz\/wp-content\/uploads\/RMF-97-2.pdf\" target=\"_blank\" rel=\"noreferrer noopener\" aria-label=\" (otev\u0159e se na nov\u00e9 z\u00e1lo\u017ece)\">PDF verze ke sta\u017een\u00ed<\/a> <\/p>\n","protected":false},"excerpt":{"rendered":"<p>OBSAHV. Dlab: Kouzlo Sierpi\u0144sk\u00e9ho troj\u00faheln\u00edku \/ The Magic of the Sierpi\u0144ski TriangleRozhovor s profesorem Vlastimilem DlabemJ. Kostkov\u00e1: Ve v\u00edru v\u00edr\u016fMatematick\u00e9 o\u0159\u00ed\u0161ky: Obd\u00e9ln\u00edkov\u00e1 kouzlaM. Blaschke: Turnaj mlad\u00fdch fyzik\u016f z pohledu porotceV. \u0160ebel\u00edk: Laser speckle &#8211; neot\u0159el\u00fd experiment ve v\u00fduce fyzikyF. J\u00e1chim: Nikola Tesla (1856-1943) &#8211; pr\u016fkopn\u00edk st\u0159\u00eddav\u00e9ho prouduT. B\u00e1rta: Matematick\u00e1 olympi\u00e1da\u0158e\u0161en\u00ed \u00falohy MO krajsk\u00e9ho kola kategorie &hellip; <a href=\"https:\/\/rozhledy.jcmf.cz\/index.php\/archiv\/rocnik-97-2022-cislo-2\/\" class=\"more-link\">Pokra\u010dovat ve \u010dten\u00ed<span class=\"screen-reader-text\"> &#8222;Ro\u010dn\u00edk 97 (2022), \u010d\u00edslo 2&#8220;<\/span><\/a><\/p>\n","protected":false},"author":1,"featured_media":0,"parent":96,"menu_order":0,"comment_status":"closed","ping_status":"closed","template":"","meta":{"footnotes":""},"class_list":["post-419","page","type-page","status-publish","hentry"],"_links":{"self":[{"href":"https:\/\/rozhledy.jcmf.cz\/index.php\/wp-json\/wp\/v2\/pages\/419","targetHints":{"allow":["GET"]}}],"collection":[{"href":"https:\/\/rozhledy.jcmf.cz\/index.php\/wp-json\/wp\/v2\/pages"}],"about":[{"href":"https:\/\/rozhledy.jcmf.cz\/index.php\/wp-json\/wp\/v2\/types\/page"}],"author":[{"embeddable":true,"href":"https:\/\/rozhledy.jcmf.cz\/index.php\/wp-json\/wp\/v2\/users\/1"}],"replies":[{"embeddable":true,"href":"https:\/\/rozhledy.jcmf.cz\/index.php\/wp-json\/wp\/v2\/comments?post=419"}],"version-history":[{"count":4,"href":"https:\/\/rozhledy.jcmf.cz\/index.php\/wp-json\/wp\/v2\/pages\/419\/revisions"}],"predecessor-version":[{"id":524,"href":"https:\/\/rozhledy.jcmf.cz\/index.php\/wp-json\/wp\/v2\/pages\/419\/revisions\/524"}],"up":[{"embeddable":true,"href":"https:\/\/rozhledy.jcmf.cz\/index.php\/wp-json\/wp\/v2\/pages\/96"}],"wp:attachment":[{"href":"https:\/\/rozhledy.jcmf.cz\/index.php\/wp-json\/wp\/v2\/media?parent=419"}],"curies":[{"name":"wp","href":"https:\/\/api.w.org\/{rel}","templated":true}]}}