{"id":564,"date":"2023-07-02T07:13:11","date_gmt":"2023-07-02T06:13:11","guid":{"rendered":"https:\/\/rozhledy.jcmf.cz\/?page_id=564"},"modified":"2023-07-29T09:42:54","modified_gmt":"2023-07-29T08:42:54","slug":"rocnik-98-2023-cislo-2","status":"publish","type":"page","link":"https:\/\/rozhledy.jcmf.cz\/index.php\/rocnik-98-2023-cislo-2\/","title":{"rendered":"Ro\u010dn\u00edk 98 (2023), \u010d\u00edslo 2"},"content":{"rendered":"\n<p><strong>OBSAH<\/strong><br><em>V. \u010cer\u0148anov\u00e1<\/em>: Nep\u00e1rne \u010d\u00edsla v zlomkoch<br><em>\u0160. Gergelitsov\u00e1, T. Holan<\/em>: Probl\u00e9m s potrub\u00edm<br><em>D. Marti\u0161ek<\/em>: Krocen\u00ed jedn\u00e9 bijekce aneb o zipu a tkani\u010dk\u00e1ch<br><em>L. Pick, \u013d. Dvo\u0159\u00e1kov\u00e1, S. Tomiczkov\u00e1, H. Tur\u010dinov\u00e1: <\/em>\u010cesk\u00e1 matematick\u00e1 spole\u010dnost<br>Matematick\u00e9 o\u0159\u00ed\u0161ky: Bijekce<br><em>F. J\u00e1chim<\/em>: Ernest Rutherford (1871- 1937) &#8211; otev\u0159el cestu do nitra atomu<br><em>I. Kraus<\/em>: \u010cesk\u00e9 stopy v Nobelov\u00fdch cen\u00e1ch za fyziku<br>Ne Einstein, ale einstein<br><em>M. Lausov\u00e1<\/em>: FYKOS a jeho aktivity pro st\u0159edo\u0161kol\u00e1ky<\/p>\n\n\n\n<p class=\"has-text-align-right\"><a href=\"https:\/\/rozhledy.jcmf.cz\/wp-content\/uploads\/RMF-98-2.pdf\" data-type=\"URL\" data-id=\"https:\/\/rozhledy.jcmf.cz\/wp-content\/uploads\/RMF-98-2.pdf\" target=\"_blank\" rel=\"noreferrer noopener\">PDF verze ke sta\u017een\u00ed<\/a><br><\/p>\n","protected":false},"excerpt":{"rendered":"<p>OBSAHV. \u010cer\u0148anov\u00e1: Nep\u00e1rne \u010d\u00edsla v zlomkoch\u0160. Gergelitsov\u00e1, T. Holan: Probl\u00e9m s potrub\u00edmD. Marti\u0161ek: Krocen\u00ed jedn\u00e9 bijekce aneb o zipu a tkani\u010dk\u00e1chL. Pick, \u013d. Dvo\u0159\u00e1kov\u00e1, S. Tomiczkov\u00e1, H. Tur\u010dinov\u00e1: \u010cesk\u00e1 matematick\u00e1 spole\u010dnostMatematick\u00e9 o\u0159\u00ed\u0161ky: BijekceF. J\u00e1chim: Ernest Rutherford (1871- 1937) &#8211; otev\u0159el cestu do nitra atomuI. Kraus: \u010cesk\u00e9 stopy v Nobelov\u00fdch cen\u00e1ch za fyzikuNe Einstein, ale einsteinM. &hellip; <a href=\"https:\/\/rozhledy.jcmf.cz\/index.php\/rocnik-98-2023-cislo-2\/\" class=\"more-link\">Pokra\u010dovat ve \u010dten\u00ed<span class=\"screen-reader-text\"> &#8222;Ro\u010dn\u00edk 98 (2023), \u010d\u00edslo 2&#8220;<\/span><\/a><\/p>\n","protected":false},"author":1,"featured_media":0,"parent":0,"menu_order":0,"comment_status":"closed","ping_status":"closed","template":"","meta":{"footnotes":""},"class_list":["post-564","page","type-page","status-publish","hentry"],"_links":{"self":[{"href":"https:\/\/rozhledy.jcmf.cz\/index.php\/wp-json\/wp\/v2\/pages\/564","targetHints":{"allow":["GET"]}}],"collection":[{"href":"https:\/\/rozhledy.jcmf.cz\/index.php\/wp-json\/wp\/v2\/pages"}],"about":[{"href":"https:\/\/rozhledy.jcmf.cz\/index.php\/wp-json\/wp\/v2\/types\/page"}],"author":[{"embeddable":true,"href":"https:\/\/rozhledy.jcmf.cz\/index.php\/wp-json\/wp\/v2\/users\/1"}],"replies":[{"embeddable":true,"href":"https:\/\/rozhledy.jcmf.cz\/index.php\/wp-json\/wp\/v2\/comments?post=564"}],"version-history":[{"count":2,"href":"https:\/\/rozhledy.jcmf.cz\/index.php\/wp-json\/wp\/v2\/pages\/564\/revisions"}],"predecessor-version":[{"id":570,"href":"https:\/\/rozhledy.jcmf.cz\/index.php\/wp-json\/wp\/v2\/pages\/564\/revisions\/570"}],"wp:attachment":[{"href":"https:\/\/rozhledy.jcmf.cz\/index.php\/wp-json\/wp\/v2\/media?parent=564"}],"curies":[{"name":"wp","href":"https:\/\/api.w.org\/{rel}","templated":true}]}}