{"id":575,"date":"2023-09-21T14:12:01","date_gmt":"2023-09-21T13:12:01","guid":{"rendered":"https:\/\/rozhledy.jcmf.cz\/?page_id=575"},"modified":"2023-09-21T14:12:01","modified_gmt":"2023-09-21T13:12:01","slug":"rocnik-98-2023-cislo-3","status":"publish","type":"page","link":"https:\/\/rozhledy.jcmf.cz\/index.php\/rocnik-98-2023-cislo-3\/","title":{"rendered":"Ro\u010dn\u00edk 98 (2023), \u010d\u00edslo 3"},"content":{"rendered":"\n<p><strong>OBSAH<\/strong><br><em>J. Kopfov\u00e1<\/em>: Hrajeme si s pravd\u011bpodobnost\u00ed<br><em>V. Dlab<\/em>: Rovnob\u011b\u017en\u00edk ve \u010dtverci<br><em>D. Marti\u0161ek<\/em>: Jak to vlastn\u011b je? Frakt\u00e1ly<br>Matematick\u00e9 o\u0159\u00ed\u0161ky: Hled\u00e1n\u00ed pokladu<br><em>E. \u0160ubert<\/em>: Pro\u010d maj\u00ed hv\u011bzdy na fotografi\u00edch z Webbova vesm\u00edrn\u00e9ho teleskopu osm c\u00edp\u016f?<br><em>L. \u0160l\u00e9grov\u00e1, J. \u0160l\u00e9gr<\/em>: Keplerovy z\u00e1kony v historick\u00fdch souvislostech<br><em>V. Wagner<\/em>: Recenze knihy J. Tomsy Norimbersk\u00fd trycht\u00fd\u0159 aneb Pr\u016fvodce p\u0159em\u00fd\u0161liv\u00e9ho studenta st\u0159edo\u0161kolskou fyzikou<\/p>\n\n\n\n<p class=\"has-text-align-right\"><a href=\"https:\/\/rozhledy.jcmf.cz\/wp-content\/uploads\/RMF-98-3.pdf\" data-type=\"URL\" data-id=\"https:\/\/rozhledy.jcmf.cz\/wp-content\/uploads\/RMF-98-3.pdf\" target=\"_blank\" rel=\"noreferrer noopener\">PDF verze ke sta\u017een\u00ed<\/a><\/p>\n","protected":false},"excerpt":{"rendered":"<p>OBSAHJ. Kopfov\u00e1: Hrajeme si s pravd\u011bpodobnost\u00edV. Dlab: Rovnob\u011b\u017en\u00edk ve \u010dtverciD. Marti\u0161ek: Jak to vlastn\u011b je? Frakt\u00e1lyMatematick\u00e9 o\u0159\u00ed\u0161ky: Hled\u00e1n\u00ed pokladuE. \u0160ubert: Pro\u010d maj\u00ed hv\u011bzdy na fotografi\u00edch z Webbova vesm\u00edrn\u00e9ho teleskopu osm c\u00edp\u016f?L. \u0160l\u00e9grov\u00e1, J. \u0160l\u00e9gr: Keplerovy z\u00e1kony v historick\u00fdch souvislostechV. Wagner: Recenze knihy J. Tomsy Norimbersk\u00fd trycht\u00fd\u0159 aneb Pr\u016fvodce p\u0159em\u00fd\u0161liv\u00e9ho studenta st\u0159edo\u0161kolskou fyzikou PDF verze ke &hellip; <a href=\"https:\/\/rozhledy.jcmf.cz\/index.php\/rocnik-98-2023-cislo-3\/\" class=\"more-link\">Pokra\u010dovat ve \u010dten\u00ed<span class=\"screen-reader-text\"> &#8222;Ro\u010dn\u00edk 98 (2023), \u010d\u00edslo 3&#8220;<\/span><\/a><\/p>\n","protected":false},"author":1,"featured_media":0,"parent":0,"menu_order":0,"comment_status":"closed","ping_status":"closed","template":"","meta":{"footnotes":""},"class_list":["post-575","page","type-page","status-publish","hentry"],"_links":{"self":[{"href":"https:\/\/rozhledy.jcmf.cz\/index.php\/wp-json\/wp\/v2\/pages\/575","targetHints":{"allow":["GET"]}}],"collection":[{"href":"https:\/\/rozhledy.jcmf.cz\/index.php\/wp-json\/wp\/v2\/pages"}],"about":[{"href":"https:\/\/rozhledy.jcmf.cz\/index.php\/wp-json\/wp\/v2\/types\/page"}],"author":[{"embeddable":true,"href":"https:\/\/rozhledy.jcmf.cz\/index.php\/wp-json\/wp\/v2\/users\/1"}],"replies":[{"embeddable":true,"href":"https:\/\/rozhledy.jcmf.cz\/index.php\/wp-json\/wp\/v2\/comments?post=575"}],"version-history":[{"count":1,"href":"https:\/\/rozhledy.jcmf.cz\/index.php\/wp-json\/wp\/v2\/pages\/575\/revisions"}],"predecessor-version":[{"id":576,"href":"https:\/\/rozhledy.jcmf.cz\/index.php\/wp-json\/wp\/v2\/pages\/575\/revisions\/576"}],"wp:attachment":[{"href":"https:\/\/rozhledy.jcmf.cz\/index.php\/wp-json\/wp\/v2\/media?parent=575"}],"curies":[{"name":"wp","href":"https:\/\/api.w.org\/{rel}","templated":true}]}}