{"id":593,"date":"2023-12-14T20:36:18","date_gmt":"2023-12-14T19:36:18","guid":{"rendered":"https:\/\/rozhledy.jcmf.cz\/?page_id=593"},"modified":"2023-12-14T20:38:44","modified_gmt":"2023-12-14T19:38:44","slug":"rocnik-98-2023-cislo-4","status":"publish","type":"page","link":"https:\/\/rozhledy.jcmf.cz\/index.php\/rocnik-98-2023-cislo-4\/","title":{"rendered":"Ro\u010dn\u00edk 98 (2023), \u010d\u00edslo 4"},"content":{"rendered":"\n<p><strong>OBSAH<\/strong><br><em>V. David<\/em>: Burnsideovo lemma aneb pro\u010d se starat o teorii grup<br><em>V. Dlab<\/em>: Troj\u00faheln\u00edkov\u00fd kule\u010dn\u00edk<br><em>F. J\u00e1chim<\/em>: Joseph Fraunhofer (1787\u20131826) \u2013 zkoum\u00e1n\u00edm spektra<br>otev\u0159el cestu k pozn\u00e1n\u00ed slo\u017een\u00ed hv\u011bzd<br><em>Z. Janout<\/em>: <em>Recenze knihy I. Krause<\/em> Technicky talentovan\u00e9 \u017eeny<br>a jejich vyn\u00e1lezy<br><em>T. Kladivov\u00e1<\/em>: Barevn\u00e9 V\u00fdhonky<em>   <\/em><br><em>J. M. N\u00e1jares Romero<\/em>: Zobecn\u011bn\u00ed krit\u00e9ria d\u011blitelnosti <br>Matematick\u00e9 o\u0159\u00ed\u0161ky: Krit\u00e9rium d\u011blitelnosti sedmi<br><em>L. Sp\u00edchal<\/em>: Aproximace \u010d\u00edsla \u03c0 pomoc\u00ed zlat\u00e9ho \u0159ezu a kovov\u00fdch<br>pr\u016fm\u011br\u016f<br><em>P. Tlust\u00fd<\/em>: Lich\u00e1 \u010d\u00edsla ve zlomc\u00edch je\u0161t\u011b jednou<br><\/p>\n\n\n\n<p class=\"has-text-align-right\">                                                                                                                           <a href=\"https:\/\/rozhledy.jcmf.cz\/wp-content\/uploads\/RMF-98-4.pdf\" data-type=\"URL\" target=\"_blank\" rel=\"noreferrer noopener\">PDF verze ke sta\u017een\u00ed<\/a><\/p>\n","protected":false},"excerpt":{"rendered":"<p>OBSAHV. David: Burnsideovo lemma aneb pro\u010d se starat o teorii grupV. Dlab: Troj\u00faheln\u00edkov\u00fd kule\u010dn\u00edkF. J\u00e1chim: Joseph Fraunhofer (1787\u20131826) \u2013 zkoum\u00e1n\u00edm spektraotev\u0159el cestu k pozn\u00e1n\u00ed slo\u017een\u00ed hv\u011bzdZ. Janout: Recenze knihy I. Krause Technicky talentovan\u00e9 \u017eenya jejich vyn\u00e1lezyT. Kladivov\u00e1: Barevn\u00e9 V\u00fdhonky J. M. N\u00e1jares Romero: Zobecn\u011bn\u00ed krit\u00e9ria d\u011blitelnosti Matematick\u00e9 o\u0159\u00ed\u0161ky: Krit\u00e9rium d\u011blitelnosti sedmiL. Sp\u00edchal: Aproximace \u010d\u00edsla \u03c0 &hellip; <a href=\"https:\/\/rozhledy.jcmf.cz\/index.php\/rocnik-98-2023-cislo-4\/\" class=\"more-link\">Pokra\u010dovat ve \u010dten\u00ed<span class=\"screen-reader-text\"> &#8222;Ro\u010dn\u00edk 98 (2023), \u010d\u00edslo 4&#8220;<\/span><\/a><\/p>\n","protected":false},"author":1,"featured_media":0,"parent":0,"menu_order":0,"comment_status":"closed","ping_status":"closed","template":"","meta":{"footnotes":""},"class_list":["post-593","page","type-page","status-publish","hentry"],"_links":{"self":[{"href":"https:\/\/rozhledy.jcmf.cz\/index.php\/wp-json\/wp\/v2\/pages\/593","targetHints":{"allow":["GET"]}}],"collection":[{"href":"https:\/\/rozhledy.jcmf.cz\/index.php\/wp-json\/wp\/v2\/pages"}],"about":[{"href":"https:\/\/rozhledy.jcmf.cz\/index.php\/wp-json\/wp\/v2\/types\/page"}],"author":[{"embeddable":true,"href":"https:\/\/rozhledy.jcmf.cz\/index.php\/wp-json\/wp\/v2\/users\/1"}],"replies":[{"embeddable":true,"href":"https:\/\/rozhledy.jcmf.cz\/index.php\/wp-json\/wp\/v2\/comments?post=593"}],"version-history":[{"count":2,"href":"https:\/\/rozhledy.jcmf.cz\/index.php\/wp-json\/wp\/v2\/pages\/593\/revisions"}],"predecessor-version":[{"id":596,"href":"https:\/\/rozhledy.jcmf.cz\/index.php\/wp-json\/wp\/v2\/pages\/593\/revisions\/596"}],"wp:attachment":[{"href":"https:\/\/rozhledy.jcmf.cz\/index.php\/wp-json\/wp\/v2\/media?parent=593"}],"curies":[{"name":"wp","href":"https:\/\/api.w.org\/{rel}","templated":true}]}}