{"id":609,"date":"2024-03-31T11:57:34","date_gmt":"2024-03-31T10:57:34","guid":{"rendered":"https:\/\/rozhledy.jcmf.cz\/?page_id=609"},"modified":"2024-04-25T12:01:25","modified_gmt":"2024-04-25T11:01:25","slug":"rocnik-99-2024-cislo-1","status":"publish","type":"page","link":"https:\/\/rozhledy.jcmf.cz\/index.php\/archiv\/rocnik-99-2024-cislo-1\/","title":{"rendered":"Ro\u010dn\u00edk 99 (2024), \u010d\u00edslo 1"},"content":{"rendered":"\n<p><strong>OBSAH<\/strong><br><em>T. \u010capkov\u00e1, J. Klicnarov\u00e1, T. Roskovec<\/em>: Modely a paradoxy teorie her, \u00favahy<br>o v\u011bz\u0148ov\u011b dilematu<br><em>V. Dlab:<\/em>&nbsp;Vyu\u017eijme Pythagorovu v\u011btu<br><em>P. Tlust\u00fd, J. Vysok\u00e1<\/em>: Z\u00e1kon odrazu a p\u0159el\u00e9v\u00e1n\u00ed vody mezi n\u00e1dobami<br><em>V. Eclerov\u00e1, P. Zem\u00e1nek<\/em>: Fibonacci, Mersenne, Mendel<br>Matematick\u00e9 o\u0159\u00ed\u0161ky: Palindromy<br><em>L. Perk:&nbsp;<\/em>Poj\u010fme hledat \u0159e\u0161en\u00ed n\u011bkter\u00fdch \u00faloh matematick\u00e9 olympi\u00e1dy pomoc\u00ed programov\u00e1n\u00ed I<br><em>V. \u0160ebel\u00edk<\/em>: Jak zm\u011b\u0159it difuzn\u00ed koeficient pomoc\u00ed laseru?<br><em>\u013d. Dvo\u0159\u00e1kov\u00e1, J. Vyb\u00edral<\/em>: Matematika pro \u017eivot 2024<br><em>V. Kraj\u010dov\u00e1<\/em>:&nbsp;<em>P\u0159edstaven\u00ed knihy J. Mlyn\u00e1\u0159e a V. Kraj\u010dov\u00e9:&nbsp;<\/em>Nej\u017ehav\u011bj\u0161\u00ed sen pod Sluncem<br><em>\u013d. Dvo\u0159\u00e1kov\u00e1<\/em>: MoMath National Museum of Mathematics in New York<\/p>\n\n\n\n<p class=\"has-text-align-right\"><a href=\"http:\/\/rozhledy.jcmf.cz\/wp-content\/uploads\/RMF-99-1.pdf\" data-type=\"URL\" data-id=\"rozhledy.jcmf.cz\/wp-content\/uploads\/RMF-99-1.pdf\">PDF verze ke sta\u017een\u00ed<br><\/a><\/p>\n","protected":false},"excerpt":{"rendered":"<p>OBSAHT. \u010capkov\u00e1, J. Klicnarov\u00e1, T. Roskovec: Modely a paradoxy teorie her, \u00favahyo v\u011bz\u0148ov\u011b dilematuV. Dlab:&nbsp;Vyu\u017eijme Pythagorovu v\u011btuP. Tlust\u00fd, J. Vysok\u00e1: Z\u00e1kon odrazu a p\u0159el\u00e9v\u00e1n\u00ed vody mezi n\u00e1dobamiV. Eclerov\u00e1, P. Zem\u00e1nek: Fibonacci, Mersenne, MendelMatematick\u00e9 o\u0159\u00ed\u0161ky: PalindromyL. Perk:&nbsp;Poj\u010fme hledat \u0159e\u0161en\u00ed n\u011bkter\u00fdch \u00faloh matematick\u00e9 olympi\u00e1dy pomoc\u00ed programov\u00e1n\u00ed IV. \u0160ebel\u00edk: Jak zm\u011b\u0159it difuzn\u00ed koeficient pomoc\u00ed laseru?\u013d. Dvo\u0159\u00e1kov\u00e1, J. Vyb\u00edral: &hellip; <a href=\"https:\/\/rozhledy.jcmf.cz\/index.php\/archiv\/rocnik-99-2024-cislo-1\/\" class=\"more-link\">Pokra\u010dovat ve \u010dten\u00ed<span class=\"screen-reader-text\"> &#8222;Ro\u010dn\u00edk 99 (2024), \u010d\u00edslo 1&#8220;<\/span><\/a><\/p>\n","protected":false},"author":1,"featured_media":0,"parent":96,"menu_order":0,"comment_status":"closed","ping_status":"closed","template":"","meta":{"footnotes":""},"class_list":["post-609","page","type-page","status-publish","hentry"],"_links":{"self":[{"href":"https:\/\/rozhledy.jcmf.cz\/index.php\/wp-json\/wp\/v2\/pages\/609","targetHints":{"allow":["GET"]}}],"collection":[{"href":"https:\/\/rozhledy.jcmf.cz\/index.php\/wp-json\/wp\/v2\/pages"}],"about":[{"href":"https:\/\/rozhledy.jcmf.cz\/index.php\/wp-json\/wp\/v2\/types\/page"}],"author":[{"embeddable":true,"href":"https:\/\/rozhledy.jcmf.cz\/index.php\/wp-json\/wp\/v2\/users\/1"}],"replies":[{"embeddable":true,"href":"https:\/\/rozhledy.jcmf.cz\/index.php\/wp-json\/wp\/v2\/comments?post=609"}],"version-history":[{"count":3,"href":"https:\/\/rozhledy.jcmf.cz\/index.php\/wp-json\/wp\/v2\/pages\/609\/revisions"}],"predecessor-version":[{"id":627,"href":"https:\/\/rozhledy.jcmf.cz\/index.php\/wp-json\/wp\/v2\/pages\/609\/revisions\/627"}],"up":[{"embeddable":true,"href":"https:\/\/rozhledy.jcmf.cz\/index.php\/wp-json\/wp\/v2\/pages\/96"}],"wp:attachment":[{"href":"https:\/\/rozhledy.jcmf.cz\/index.php\/wp-json\/wp\/v2\/media?parent=609"}],"curies":[{"name":"wp","href":"https:\/\/api.w.org\/{rel}","templated":true}]}}