{"id":62,"date":"2019-08-26T17:01:28","date_gmt":"2019-08-26T16:01:28","guid":{"rendered":"https:\/\/rozhledy.jcmf.cz\/?page_id=62"},"modified":"2019-08-29T07:39:49","modified_gmt":"2019-08-29T06:39:49","slug":"pokyny-pro-autory","status":"publish","type":"page","link":"https:\/\/rozhledy.jcmf.cz\/index.php\/pokyny-pro-autory\/","title":{"rendered":"Pokyny pro autory"},"content":{"rendered":"\n<p>\u010casopis Rozhledy matematicko-fyzik\u00e1ln\u00ed uve\u0159ej\u0148uje \u010dl\u00e1nky psan\u00e9\nv&nbsp;\u010desk\u00e9m nebo slovensk\u00e9m jazyce, po domluv\u011b i v&nbsp;jazyce anglick\u00e9m. P\u0159\u00edsp\u011bvky\nse zas\u00edlaj\u00ed v&nbsp;elektronick\u00e9 form\u011b na adresu redakce<\/p>\n\n\n\n<p style=\"text-align:center\"><a href=\"mailto:rozhledy@jcmf.cz\">rozhledy (at) jcmf.cz<\/a>.<\/p>\n\n\n\n<p>Redakce si vyhrazuje pr\u00e1vo\nrozhodnout o zve\u0159ejn\u011bn\u00ed p\u0159\u00edsp\u011bvku. O oti\u0161t\u011bn\u00ed p\u0159\u00edsp\u011bvku rozhoduje redak\u010dn\u00ed rada\nzpravidla na z\u00e1klad\u011b jednoho \u010di dvou recenzn\u00edch posudk\u016f. P\u0159\u00edsp\u011bvky, jejich\u017e\nobsah neodpov\u00edd\u00e1 zam\u011b\u0159en\u00ed \u010dasopisu, mohou b\u00fdt zam\u00edtnuty bez recenzn\u00edho \u0159\u00edzen\u00ed.<\/p>\n\n\n\n<p>P\u0159\u00edsp\u011bvky je nutn\u00e9 p\u0159ipravit v&nbsp;editoru\nTeX\/LaTeX, p\u0159\u00edpadn\u011b MS Word. Obr\u00e1zky nen\u00ed pot\u0159eba zalamovat do textu, pouze\nvyzna\u010dte jejich um\u00edst\u011bn\u00ed. Obr\u00e1zky za\u0161lete sou\u010dasn\u011b s&nbsp;textem jako\nsamostatn\u00e9 soubory. Pro fotografie je preferov\u00e1n form\u00e1t JPEG, pro vektorovou\ngrafiku form\u00e1ty PDF nebo EPS. Vhodn\u00e9 jsou i dal\u0161\u00ed grafick\u00e9 form\u00e1ty pro\nbezeztr\u00e1tovou kompresi, jako nap\u0159. PNG nebo GIF.<\/p>\n\n\n\n<p>K&nbsp;textu p\u0159\u00edsp\u011bvku p\u0159ipojte\nn\u00e1zev, jm\u00e9na autor\u016f a jejich adresy, resp. pracovi\u0161t\u011b. M\u016f\u017eete tak\u00e9 p\u0159ipojit\nkr\u00e1tk\u00fd abstrakt v&nbsp;\u010desk\u00e9m jazyce.<\/p>\n\n\n\n<p>P\u0159\u00edsp\u011bvky nejsou honorov\u00e1ny.<\/p>\n\n\n\n<p><strong>Obsah p\u0159\u00edsp\u011bvku:<\/strong><br>N\u00e1zev<br>Jm\u00e9na autor\u016f a afiliace<br>Abstrakt (nepovinn\u00e9)<br>Text \u010dl\u00e1nku<br>Seznam pou\u017eit\u00e9 literatury<br>Obr\u00e1zky, grafy, fotografie<\/p>\n\n\n\n<p style=\"text-align:right\"><strong>Zde si m\u016f\u017eete st\u00e1hnout \u0161ablonu pro sazbu \u010dl\u00e1nk\u016f v <\/strong><a rel=\"noreferrer noopener\" aria-label=\"TeXu (otev\u0159e se na nov\u00e9 z\u00e1lo\u017ece)\" href=\"https:\/\/rozhledy.jcmf.cz\/wp-content\/uploads\/RMF_Template.zip\" target=\"_blank\"><strong>TeXu<\/strong><\/a><strong>.<\/strong><\/p>\n\n\n\n<hr class=\"wp-block-separator\"\/>\n\n\n<p><!--EndFragment--><\/p>\n<p><\/p>","protected":false},"excerpt":{"rendered":"<p>\u010casopis Rozhledy matematicko-fyzik\u00e1ln\u00ed uve\u0159ej\u0148uje \u010dl\u00e1nky psan\u00e9 v&nbsp;\u010desk\u00e9m nebo slovensk\u00e9m jazyce, po domluv\u011b i v&nbsp;jazyce anglick\u00e9m. P\u0159\u00edsp\u011bvky se zas\u00edlaj\u00ed v&nbsp;elektronick\u00e9 form\u011b na adresu redakce rozhledy (at) jcmf.cz. Redakce si vyhrazuje pr\u00e1vo rozhodnout o zve\u0159ejn\u011bn\u00ed p\u0159\u00edsp\u011bvku. O oti\u0161t\u011bn\u00ed p\u0159\u00edsp\u011bvku rozhoduje redak\u010dn\u00ed rada zpravidla na z\u00e1klad\u011b jednoho \u010di dvou recenzn\u00edch posudk\u016f. P\u0159\u00edsp\u011bvky, jejich\u017e obsah neodpov\u00edd\u00e1 zam\u011b\u0159en\u00ed \u010dasopisu, mohou &hellip; <a href=\"https:\/\/rozhledy.jcmf.cz\/index.php\/pokyny-pro-autory\/\" class=\"more-link\">Pokra\u010dovat ve \u010dten\u00ed<span class=\"screen-reader-text\"> &#8222;Pokyny pro autory&#8220;<\/span><\/a><\/p>\n","protected":false},"author":1,"featured_media":0,"parent":0,"menu_order":0,"comment_status":"closed","ping_status":"closed","template":"","meta":{"footnotes":""},"class_list":["post-62","page","type-page","status-publish","hentry"],"_links":{"self":[{"href":"https:\/\/rozhledy.jcmf.cz\/index.php\/wp-json\/wp\/v2\/pages\/62","targetHints":{"allow":["GET"]}}],"collection":[{"href":"https:\/\/rozhledy.jcmf.cz\/index.php\/wp-json\/wp\/v2\/pages"}],"about":[{"href":"https:\/\/rozhledy.jcmf.cz\/index.php\/wp-json\/wp\/v2\/types\/page"}],"author":[{"embeddable":true,"href":"https:\/\/rozhledy.jcmf.cz\/index.php\/wp-json\/wp\/v2\/users\/1"}],"replies":[{"embeddable":true,"href":"https:\/\/rozhledy.jcmf.cz\/index.php\/wp-json\/wp\/v2\/comments?post=62"}],"version-history":[{"count":8,"href":"https:\/\/rozhledy.jcmf.cz\/index.php\/wp-json\/wp\/v2\/pages\/62\/revisions"}],"predecessor-version":[{"id":123,"href":"https:\/\/rozhledy.jcmf.cz\/index.php\/wp-json\/wp\/v2\/pages\/62\/revisions\/123"}],"wp:attachment":[{"href":"https:\/\/rozhledy.jcmf.cz\/index.php\/wp-json\/wp\/v2\/media?parent=62"}],"curies":[{"name":"wp","href":"https:\/\/api.w.org\/{rel}","templated":true}]}}