{"id":647,"date":"2024-10-01T18:06:06","date_gmt":"2024-10-01T17:06:06","guid":{"rendered":"https:\/\/rozhledy.jcmf.cz\/?page_id=647"},"modified":"2024-10-01T18:13:58","modified_gmt":"2024-10-01T17:13:58","slug":"rocnik-99-2024-cislo-3","status":"publish","type":"page","link":"https:\/\/rozhledy.jcmf.cz\/index.php\/rocnik-99-2024-cislo-3\/","title":{"rendered":"Ro\u010dn\u00edk 99 (2024), \u010d\u00edslo 3"},"content":{"rendered":"\n<p><strong>OBSAH<\/strong><br><em>L. Sp\u00edchal<\/em>: Pythagorejsk\u00e9 pr\u016fm\u011bry, kontraharmonick\u00fd pr\u016fm\u011br<br>a zlat\u00fd \u0159ez v pravo\u00fahl\u00e9m troj\u00faheln\u00edku<br><em>J. Fiala, M. Hrube\u0161ov\u00e1, T. Roskovec<\/em>: N\u011bkter\u00e1 vyu\u017eit\u00ed harmonick\u00e9ho<br>pr\u016fm\u011bru ve v\u00fduce matematiky na st\u0159edn\u00ed \u0161kole<br><em>P. Gajdo\u0161: <\/em>Transcendentn\u00ed \u010d\u00edsla a konstrukce prav\u00edtkem a kru\u017e\u00edtkem<br><em>J. M. N\u00e1jares Romero<\/em>: P\u0159irozen\u00e1 \u010d\u00edsla ve zlomc\u00edch<br>Matematick\u00e9 o\u0159\u00ed\u0161ky: Pr\u016fm\u011bry, kam se pod\u00edv\u00e1\u0161<br><em>J. Herzig<\/em>: Astronomick\u00e1 sout\u011b\u017e Supernova umo\u017e\u0148uje student\u016fm<br>proniknout do taj\u016f astrofyziky<br><em>V. Kraj\u010dov\u00e1<\/em>: P\u0159\u00ed\u0161t\u00ed zast\u00e1vka: Vesm\u00edr<br><em>N. Faryadov\u00e1<\/em>: Modelov\u00e1n\u00ed rozptylu sv\u011btla v mlhovin\u00e1ch v r\u00e1mci<br>Talentov\u00e9 akademie ELI Beamlines a HiLASE<br><em>V. Kraj\u010dov\u00e1<\/em>: Opravdu kr\u00e1tk\u00fd z\u00e1blesk<br><em>V. Kraj\u010dov\u00e1<\/em>: Astro Pi Challenge \u2013 Po\u0161li sv\u016fj k\u00f3d do vesm\u00edru<\/p>\n\n\n\n<p class=\"has-text-align-right\"><a href=\"http:\/\/rozhledy.jcmf.cz\/wp-content\/uploads\/RMF-99-3.pdf\" data-type=\"URL\">PDF verze ke sta\u017een\u00ed<br><\/a><\/p>\n","protected":false},"excerpt":{"rendered":"<p>OBSAHL. Sp\u00edchal: Pythagorejsk\u00e9 pr\u016fm\u011bry, kontraharmonick\u00fd pr\u016fm\u011bra zlat\u00fd \u0159ez v pravo\u00fahl\u00e9m troj\u00faheln\u00edkuJ. Fiala, M. Hrube\u0161ov\u00e1, T. Roskovec: N\u011bkter\u00e1 vyu\u017eit\u00ed harmonick\u00e9hopr\u016fm\u011bru ve v\u00fduce matematiky na st\u0159edn\u00ed \u0161koleP. Gajdo\u0161: Transcendentn\u00ed \u010d\u00edsla a konstrukce prav\u00edtkem a kru\u017e\u00edtkemJ. M. N\u00e1jares Romero: P\u0159irozen\u00e1 \u010d\u00edsla ve zlomc\u00edchMatematick\u00e9 o\u0159\u00ed\u0161ky: Pr\u016fm\u011bry, kam se pod\u00edv\u00e1\u0161J. Herzig: Astronomick\u00e1 sout\u011b\u017e Supernova umo\u017e\u0148uje student\u016fmproniknout do taj\u016f astrofyzikyV. Kraj\u010dov\u00e1: &hellip; <a href=\"https:\/\/rozhledy.jcmf.cz\/index.php\/rocnik-99-2024-cislo-3\/\" class=\"more-link\">Pokra\u010dovat ve \u010dten\u00ed<span class=\"screen-reader-text\"> &#8222;Ro\u010dn\u00edk 99 (2024), \u010d\u00edslo 3&#8220;<\/span><\/a><\/p>\n","protected":false},"author":1,"featured_media":0,"parent":0,"menu_order":0,"comment_status":"closed","ping_status":"closed","template":"","meta":{"footnotes":""},"class_list":["post-647","page","type-page","status-publish","hentry"],"_links":{"self":[{"href":"https:\/\/rozhledy.jcmf.cz\/index.php\/wp-json\/wp\/v2\/pages\/647","targetHints":{"allow":["GET"]}}],"collection":[{"href":"https:\/\/rozhledy.jcmf.cz\/index.php\/wp-json\/wp\/v2\/pages"}],"about":[{"href":"https:\/\/rozhledy.jcmf.cz\/index.php\/wp-json\/wp\/v2\/types\/page"}],"author":[{"embeddable":true,"href":"https:\/\/rozhledy.jcmf.cz\/index.php\/wp-json\/wp\/v2\/users\/1"}],"replies":[{"embeddable":true,"href":"https:\/\/rozhledy.jcmf.cz\/index.php\/wp-json\/wp\/v2\/comments?post=647"}],"version-history":[{"count":4,"href":"https:\/\/rozhledy.jcmf.cz\/index.php\/wp-json\/wp\/v2\/pages\/647\/revisions"}],"predecessor-version":[{"id":663,"href":"https:\/\/rozhledy.jcmf.cz\/index.php\/wp-json\/wp\/v2\/pages\/647\/revisions\/663"}],"wp:attachment":[{"href":"https:\/\/rozhledy.jcmf.cz\/index.php\/wp-json\/wp\/v2\/media?parent=647"}],"curies":[{"name":"wp","href":"https:\/\/api.w.org\/{rel}","templated":true}]}}