{"id":664,"date":"2024-12-31T20:36:22","date_gmt":"2024-12-31T19:36:22","guid":{"rendered":"https:\/\/rozhledy.jcmf.cz\/?page_id=664"},"modified":"2024-12-31T20:37:57","modified_gmt":"2024-12-31T19:37:57","slug":"rocnik-99-2024-cislo-4","status":"publish","type":"page","link":"https:\/\/rozhledy.jcmf.cz\/index.php\/rocnik-99-2024-cislo-4\/","title":{"rendered":"Ro\u010dn\u00edk 99 (2024), \u010d\u00edslo 4"},"content":{"rendered":"\n<p><strong>OBSAH<\/strong><br><em>D. Marti\u0161ek<\/em>: O jednom m\u00fdtick\u00e9m troj\u00faheln\u00edku<br><em>J. Fiala, M. Hrube\u0161ov\u00e1, T. Roskovec<\/em>: N\u011bkter\u00e1 vyu\u017eit\u00ed harmonick\u00e9ho<br>pr\u016fm\u011bru ve v\u00fduce fyziky a ve finan\u010dnictv\u00ed a ekonomii<br><em>P. Pokorn\u00fd: <\/em>Pr\u016fm\u011brn\u00e1 vzd\u00e1lenost dvou bod\u016f na kru\u017enici<br><em>V. Dlab<\/em>: Pozn\u00e1mky o kombina\u010dn\u00edch \u010d\u00edslech, posloupnostech<br>(p\u0159edev\u0161\u00edm aritmetick\u00fdch) a polynomech<br>Matematick\u00e9 o\u0159\u00ed\u0161ky: Parita kombina\u010dn\u00edch \u010d\u00edsel<br><em>K. Rauner<\/em>: M\u011b\u0159\u00edme Coriolisovu s\u00edlu ve v\u00fdtahu a v letadle<br><em>P. Pokorn\u00fd<\/em>: Coriolisova s\u00edla \u2013 jej\u00ed odvozen\u00ed<br><em>V. Kraj\u010dov\u00e1, J. Vesel\u00fd<\/em>: Pro\u010d um\u011bl\u00e9 dru\u017eice nepadaj\u00ed na Zemi.<br>Anebo padaj\u00ed?<br><em>V. Kraj\u010dov\u00e1<\/em>: E-MANUEL \u2013 online u\u010debnice fyziky<\/p>\n\n\n\n<p class=\"has-text-align-right\"><a href=\"http:\/\/rozhledy.jcmf.cz\/wp-content\/uploads\/RMF-99-4.pdf\" data-type=\"URL\" data-id=\"http:\/\/rozhledy.jcmf.cz\/wp-content\/uploads\/RMF-99-4.pdf\">PDF verze ke sta\u017een\u00ed<\/a><\/p>\n","protected":false},"excerpt":{"rendered":"<p>OBSAHD. Marti\u0161ek: O jednom m\u00fdtick\u00e9m troj\u00faheln\u00edkuJ. Fiala, M. Hrube\u0161ov\u00e1, T. Roskovec: N\u011bkter\u00e1 vyu\u017eit\u00ed harmonick\u00e9hopr\u016fm\u011bru ve v\u00fduce fyziky a ve finan\u010dnictv\u00ed a ekonomiiP. Pokorn\u00fd: Pr\u016fm\u011brn\u00e1 vzd\u00e1lenost dvou bod\u016f na kru\u017eniciV. Dlab: Pozn\u00e1mky o kombina\u010dn\u00edch \u010d\u00edslech, posloupnostech(p\u0159edev\u0161\u00edm aritmetick\u00fdch) a polynomechMatematick\u00e9 o\u0159\u00ed\u0161ky: Parita kombina\u010dn\u00edch \u010d\u00edselK. Rauner: M\u011b\u0159\u00edme Coriolisovu s\u00edlu ve v\u00fdtahu a v letadleP. Pokorn\u00fd: Coriolisova s\u00edla \u2013 &hellip; <a href=\"https:\/\/rozhledy.jcmf.cz\/index.php\/rocnik-99-2024-cislo-4\/\" class=\"more-link\">Pokra\u010dovat ve \u010dten\u00ed<span class=\"screen-reader-text\"> &#8222;Ro\u010dn\u00edk 99 (2024), \u010d\u00edslo 4&#8220;<\/span><\/a><\/p>\n","protected":false},"author":1,"featured_media":0,"parent":0,"menu_order":0,"comment_status":"closed","ping_status":"closed","template":"","meta":{"footnotes":""},"class_list":["post-664","page","type-page","status-publish","hentry"],"_links":{"self":[{"href":"https:\/\/rozhledy.jcmf.cz\/index.php\/wp-json\/wp\/v2\/pages\/664","targetHints":{"allow":["GET"]}}],"collection":[{"href":"https:\/\/rozhledy.jcmf.cz\/index.php\/wp-json\/wp\/v2\/pages"}],"about":[{"href":"https:\/\/rozhledy.jcmf.cz\/index.php\/wp-json\/wp\/v2\/types\/page"}],"author":[{"embeddable":true,"href":"https:\/\/rozhledy.jcmf.cz\/index.php\/wp-json\/wp\/v2\/users\/1"}],"replies":[{"embeddable":true,"href":"https:\/\/rozhledy.jcmf.cz\/index.php\/wp-json\/wp\/v2\/comments?post=664"}],"version-history":[{"count":2,"href":"https:\/\/rozhledy.jcmf.cz\/index.php\/wp-json\/wp\/v2\/pages\/664\/revisions"}],"predecessor-version":[{"id":666,"href":"https:\/\/rozhledy.jcmf.cz\/index.php\/wp-json\/wp\/v2\/pages\/664\/revisions\/666"}],"wp:attachment":[{"href":"https:\/\/rozhledy.jcmf.cz\/index.php\/wp-json\/wp\/v2\/media?parent=664"}],"curies":[{"name":"wp","href":"https:\/\/api.w.org\/{rel}","templated":true}]}}