{"id":749,"date":"2025-10-02T08:15:21","date_gmt":"2025-10-02T07:15:21","guid":{"rendered":"https:\/\/rozhledy.jcmf.cz\/?page_id=749"},"modified":"2025-12-31T13:41:33","modified_gmt":"2025-12-31T12:41:33","slug":"rocnik-100-2025-cislo-4","status":"publish","type":"page","link":"https:\/\/rozhledy.jcmf.cz\/index.php\/rocnik-100-2025-cislo-4\/","title":{"rendered":"Ro\u010dn\u00edk 100 (2025), \u010d\u00edslo 4"},"content":{"rendered":"\n<p><strong>OBSAH<\/strong><\/p>\n\n\n\n<p id=\"block-cedc4b35-cc28-485e-b6ae-97a9eb6e7e75\"><em>L. Sp\u00edchal<\/em>: Zm\u011bna d\u00e9lky dne a derivace funkce<br><em>V. Dlab<\/em>: \u010c\u00edseln\u00e1 charakteristika podobn\u00fdch troj\u00faheln\u00edk\u016f<br><em>J. Jekl<\/em>: And\u011bl na \u00fat\u011bku<br><em>T. B\u00e1rtlov\u00e1<\/em>: Ochranovsk\u00e1 hv\u011bzda: Sv\u011btlo nad\u011bje s geometri\u00ed v srdci<br>Matematick\u00e9 o\u0159\u00ed\u0161ky: Krabice na d\u00e1rek<br><em>V. Dlab, E. Luk\u00e1cs<\/em>: Hr\u00e1tky s d\u011blitelnost\u00ed: \u0158e\u0161en\u00ed \u2013 Solution<br><em>O. Lepil<\/em>: Energie v\u011btru<br><em>L. \u0160l\u00e9grov\u00e1, J. \u0160l\u00e9gr<\/em>: V\u011bda vs. konspirace: Pro\u010d se vlastn\u011b zdr\u017eovat<br>v\u011bdou?<br><em>A. Bla\u017eek<\/em>: V\u0161echna lich\u00e1 \u010d\u00edsla jsou prvo\u010d\u00edsla<br><em>V. Kraj\u010dov\u00e1<\/em>: Fyzik\u00e1ln\u00ed ok\u00e9nko: Objemov\u00fd v\u00fdkon aneb kdy\u017e pojem<br>v\u00fdkon nesta\u010d\u00ed<br><\/p>\n\n\n\n<p class=\"has-text-align-right\"><a href=\"http:\/\/rozhledy.jcmf.cz\/wp-content\/uploads\/RMF-100-4.pdf\" data-type=\"URL\" data-id=\"http:\/\/rozhledy.jcmf.cz\/wp-content\/uploads\/RMF-100-1.pdf\">PDF verze ke sta\u017een\u00ed<\/a><\/p>\n","protected":false},"excerpt":{"rendered":"<p>OBSAH L. Sp\u00edchal: Zm\u011bna d\u00e9lky dne a derivace funkceV. Dlab: \u010c\u00edseln\u00e1 charakteristika podobn\u00fdch troj\u00faheln\u00edk\u016fJ. Jekl: And\u011bl na \u00fat\u011bkuT. B\u00e1rtlov\u00e1: Ochranovsk\u00e1 hv\u011bzda: Sv\u011btlo nad\u011bje s geometri\u00ed v srdciMatematick\u00e9 o\u0159\u00ed\u0161ky: Krabice na d\u00e1rekV. Dlab, E. Luk\u00e1cs: Hr\u00e1tky s d\u011blitelnost\u00ed: \u0158e\u0161en\u00ed \u2013 SolutionO. Lepil: Energie v\u011btruL. \u0160l\u00e9grov\u00e1, J. \u0160l\u00e9gr: V\u011bda vs. konspirace: Pro\u010d se vlastn\u011b zdr\u017eovatv\u011bdou?A. Bla\u017eek: V\u0161echna &hellip; <a href=\"https:\/\/rozhledy.jcmf.cz\/index.php\/rocnik-100-2025-cislo-4\/\" class=\"more-link\">Pokra\u010dovat ve \u010dten\u00ed<span class=\"screen-reader-text\"> &#8222;Ro\u010dn\u00edk 100 (2025), \u010d\u00edslo 4&#8220;<\/span><\/a><\/p>\n","protected":false},"author":1,"featured_media":0,"parent":0,"menu_order":0,"comment_status":"closed","ping_status":"closed","template":"","meta":{"footnotes":""},"class_list":["post-749","page","type-page","status-publish","hentry"],"_links":{"self":[{"href":"https:\/\/rozhledy.jcmf.cz\/index.php\/wp-json\/wp\/v2\/pages\/749","targetHints":{"allow":["GET"]}}],"collection":[{"href":"https:\/\/rozhledy.jcmf.cz\/index.php\/wp-json\/wp\/v2\/pages"}],"about":[{"href":"https:\/\/rozhledy.jcmf.cz\/index.php\/wp-json\/wp\/v2\/types\/page"}],"author":[{"embeddable":true,"href":"https:\/\/rozhledy.jcmf.cz\/index.php\/wp-json\/wp\/v2\/users\/1"}],"replies":[{"embeddable":true,"href":"https:\/\/rozhledy.jcmf.cz\/index.php\/wp-json\/wp\/v2\/comments?post=749"}],"version-history":[{"count":3,"href":"https:\/\/rozhledy.jcmf.cz\/index.php\/wp-json\/wp\/v2\/pages\/749\/revisions"}],"predecessor-version":[{"id":766,"href":"https:\/\/rozhledy.jcmf.cz\/index.php\/wp-json\/wp\/v2\/pages\/749\/revisions\/766"}],"wp:attachment":[{"href":"https:\/\/rozhledy.jcmf.cz\/index.php\/wp-json\/wp\/v2\/media?parent=749"}],"curies":[{"name":"wp","href":"https:\/\/api.w.org\/{rel}","templated":true}]}}