{"id":786,"date":"2026-03-29T21:40:10","date_gmt":"2026-03-29T20:40:10","guid":{"rendered":"https:\/\/rozhledy.jcmf.cz\/?page_id=786"},"modified":"2026-03-29T21:45:39","modified_gmt":"2026-03-29T20:45:39","slug":"rocnik-100-2025-cislo-1-3","status":"publish","type":"page","link":"https:\/\/rozhledy.jcmf.cz\/index.php\/rocnik-100-2025-cislo-1-3\/","title":{"rendered":"Ro\u010dn\u00edk 100 (2025), \u010d\u00edslo 1"},"content":{"rendered":"\n<p>OBSAH<br><em>\u013d. Dvo\u0159\u00e1kov\u00e1<\/em>: 100. v\u00fdro\u010d\u00ed<br><em>\u013d. Dvo\u0159\u00e1kov\u00e1, M. Svobodov\u00e1 a kol.<\/em>: Wythoffova hra aneb zran\u011bn\u00e1<br>d\u00e1ma<br><em>M. \u0160korpilov\u00e1<\/em>: V\u00e1lcov\u00e9 sloupy tesan\u00e9 z hranolu <br><em>J. M. N\u00e1jares Romero<\/em>: P\u0159irozen\u00e1 \u010d\u00edsla ve zlomc\u00edch podruh\u00e9<br>Matematick\u00e9 o\u0159\u00ed\u0161ky: Trik s Fibonacciho \u010d\u00edsly<br><em>I. Kraus<\/em>: Rozhledy matematicko-fyzik\u00e1ln\u00ed jako sv\u011bdkov\u00e9 \u0161\u0165astn\u00fdch<br>n\u00e1hod i systematick\u00e9ho b\u00e1d\u00e1n\u00ed <br><em>L. \u0160l\u00e9grov\u00e1, J. \u0160l\u00e9gr<\/em>: V\u011bda vs. konspirace: K \u010demu vlastn\u011b d\u016fkazy? <br><em>M. Randa, P. Kratochv\u00edl<\/em>: O jedn\u00e9 fyzik\u00e1ln\u00ed \u00faloze <br><em>J. Obdr\u017e\u00e1lek<\/em>: P\u0159esnost ano, ale a\u017e v prav\u00fd okam\u017eik aneb<br>kterak \u00fa\u010deln\u011b zh\u0159e\u0161iti ve fyzice <br><em>\u013d. Dvo\u0159\u00e1kov\u00e1, J. Vyb\u00edral<\/em>: Matematika pro \u017eivot 2025 <\/p>\n\n\n\n<p class=\"has-text-align-right\"><a href=\"http:\/\/rozhledy.jcmf.cz\/wp-content\/uploads\/RMF-100-1.pdf\">PDF verze ke sta\u017een\u00ed<\/a><\/p>\n","protected":false},"excerpt":{"rendered":"<p>OBSAH\u013d. Dvo\u0159\u00e1kov\u00e1: 100. v\u00fdro\u010d\u00ed\u013d. Dvo\u0159\u00e1kov\u00e1, M. Svobodov\u00e1 a kol.: Wythoffova hra aneb zran\u011bn\u00e1d\u00e1maM. \u0160korpilov\u00e1: V\u00e1lcov\u00e9 sloupy tesan\u00e9 z hranolu J. M. N\u00e1jares Romero: P\u0159irozen\u00e1 \u010d\u00edsla ve zlomc\u00edch podruh\u00e9Matematick\u00e9 o\u0159\u00ed\u0161ky: Trik s Fibonacciho \u010d\u00edslyI. Kraus: Rozhledy matematicko-fyzik\u00e1ln\u00ed jako sv\u011bdkov\u00e9 \u0161\u0165astn\u00fdchn\u00e1hod i systematick\u00e9ho b\u00e1d\u00e1n\u00ed L. \u0160l\u00e9grov\u00e1, J. \u0160l\u00e9gr: V\u011bda vs. konspirace: K \u010demu vlastn\u011b d\u016fkazy? M. Randa, &hellip; <a href=\"https:\/\/rozhledy.jcmf.cz\/index.php\/rocnik-100-2025-cislo-1-3\/\" class=\"more-link\">Pokra\u010dovat ve \u010dten\u00ed<span class=\"screen-reader-text\"> &#8222;Ro\u010dn\u00edk 100 (2025), \u010d\u00edslo 1&#8220;<\/span><\/a><\/p>\n","protected":false},"author":1,"featured_media":0,"parent":0,"menu_order":0,"comment_status":"closed","ping_status":"closed","template":"","meta":{"footnotes":""},"class_list":["post-786","page","type-page","status-publish","hentry"],"_links":{"self":[{"href":"https:\/\/rozhledy.jcmf.cz\/index.php\/wp-json\/wp\/v2\/pages\/786","targetHints":{"allow":["GET"]}}],"collection":[{"href":"https:\/\/rozhledy.jcmf.cz\/index.php\/wp-json\/wp\/v2\/pages"}],"about":[{"href":"https:\/\/rozhledy.jcmf.cz\/index.php\/wp-json\/wp\/v2\/types\/page"}],"author":[{"embeddable":true,"href":"https:\/\/rozhledy.jcmf.cz\/index.php\/wp-json\/wp\/v2\/users\/1"}],"replies":[{"embeddable":true,"href":"https:\/\/rozhledy.jcmf.cz\/index.php\/wp-json\/wp\/v2\/comments?post=786"}],"version-history":[{"count":3,"href":"https:\/\/rozhledy.jcmf.cz\/index.php\/wp-json\/wp\/v2\/pages\/786\/revisions"}],"predecessor-version":[{"id":795,"href":"https:\/\/rozhledy.jcmf.cz\/index.php\/wp-json\/wp\/v2\/pages\/786\/revisions\/795"}],"wp:attachment":[{"href":"https:\/\/rozhledy.jcmf.cz\/index.php\/wp-json\/wp\/v2\/media?parent=786"}],"curies":[{"name":"wp","href":"https:\/\/api.w.org\/{rel}","templated":true}]}}