{"id":96,"date":"2019-08-26T18:28:08","date_gmt":"2019-08-26T17:28:08","guid":{"rendered":"https:\/\/rozhledy.jcmf.cz\/?page_id=96"},"modified":"2026-03-29T21:21:54","modified_gmt":"2026-03-29T20:21:54","slug":"archiv","status":"publish","type":"page","link":"https:\/\/rozhledy.jcmf.cz\/index.php\/archiv\/","title":{"rendered":"Archiv"},"content":{"rendered":"\n<p>Zde najdete obsah minul\u00fdch \u010d\u00edsel od r. 2019 a jejich PDF verze ke sta\u017een\u00ed.<\/p>\n\n\n\n<ul class=\"wp-block-list\">\n<li><a href=\"https:\/\/rozhledy.jcmf.cz\/index.php\/archiv\/rocnik-100-2025-cislo-4\/\" data-type=\"URL\" data-id=\"https:\/\/rozhledy.jcmf.cz\/index.php\/archiv\/rocnik-100-2025-cislo-1\/\">Ro\u010dn\u00edk 101 (2026), \u010d\u00edslo 1<\/a><\/li>\n<\/ul>\n\n\n\n<ul class=\"wp-block-list\">\n<li><a href=\"https:\/\/rozhledy.jcmf.cz\/index.php\/archiv\/rocnik-100-2025-cislo-4\/\" data-type=\"URL\" data-id=\"https:\/\/rozhledy.jcmf.cz\/index.php\/archiv\/rocnik-100-2025-cislo-1\/\">Ro\u010dn\u00edk 100 (2025), \u010d\u00edslo 4<\/a><\/li>\n\n\n\n<li><a href=\"https:\/\/rozhledy.jcmf.cz\/index.php\/archiv\/rocnik-100-2025-cislo-3\/\" data-type=\"URL\" data-id=\"https:\/\/rozhledy.jcmf.cz\/index.php\/archiv\/rocnik-100-2025-cislo-1\/\">Ro\u010dn\u00edk 100 (2025), \u010d\u00edslo 3<\/a><\/li>\n\n\n\n<li><a href=\"https:\/\/rozhledy.jcmf.cz\/index.php\/archiv\/rocnik-100-2025-cislo-2\/\" data-type=\"URL\" data-id=\"https:\/\/rozhledy.jcmf.cz\/index.php\/archiv\/rocnik-100-2025-cislo-1\/\">Ro\u010dn\u00edk 100 (2025), \u010d\u00edslo 2<\/a> <\/li>\n\n\n\n<li><a href=\"https:\/\/rozhledy.jcmf.cz\/index.php\/archiv\/rocnik-100-2025-cislo-1\/\" data-type=\"URL\" data-id=\"https:\/\/rozhledy.jcmf.cz\/index.php\/archiv\/rocnik-100-2025-cislo-1\/\">Ro\u010dn\u00edk 100 (2025), \u010d\u00edslo 1<\/a><\/li>\n<\/ul>\n\n\n\n<ul class=\"wp-block-list\">\n<li><a href=\"https:\/\/rozhledy.jcmf.cz\/index.php\/archiv\/rocnik-99-2024-cislo-4\/\" data-type=\"URL\" data-id=\"https:\/\/rozhledy.jcmf.cz\/index.php\/archiv\/rocnik-99-2024-cislo-4\/\">Ro\u010dn\u00edk 99 (2024), \u010d\u00edslo 4<\/a><\/li>\n\n\n\n<li><a href=\"https:\/\/rozhledy.jcmf.cz\/index.php\/archiv\/rocnik-99-2024-cislo-3\/\">Ro\u010dn\u00edk 99 (2024), \u010d\u00edslo 3<\/a><\/li>\n\n\n\n<li><a href=\"https:\/\/rozhledy.jcmf.cz\/index.php\/archiv\/rocnik-99-2024-cislo-2\/\">Ro\u010dn\u00edk 99 (2024), \u010d\u00edslo 2<\/a><\/li>\n\n\n\n<li><a href=\"https:\/\/rozhledy.jcmf.cz\/index.php\/archiv\/rocnik-99-2024-cislo-1\/\">Ro\u010dn\u00edk 99 (2024), \u010d\u00edslo 1<\/a> <\/li>\n<\/ul>\n\n\n\n<ul class=\"wp-block-list\">\n<li><a href=\"https:\/\/rozhledy.jcmf.cz\/index.php\/archiv\/rocnik-98-2023-cislo-4\/\">Ro\u010dn\u00edk 98 (2023), \u010d\u00edslo 4<\/a><\/li>\n\n\n\n<li><a href=\"https:\/\/rozhledy.jcmf.cz\/index.php\/archiv\/rocnik-98-2023-cislo-3\/\" data-type=\"URL\" data-id=\"https:\/\/rozhledy.jcmf.cz\/index.php\/archiv\/rocnik-98-2023-cislo-3\/\">Ro\u010dn\u00edk 98 (2023), \u010d\u00edslo 3<\/a><\/li>\n\n\n\n<li><a href=\"https:\/\/rozhledy.jcmf.cz\/index.php\/archiv\/rocnik-98-2023-cislo-2\/\" data-type=\"URL\" data-id=\"https:\/\/rozhledy.jcmf.cz\/index.php\/archiv\/rocnik-98-2023-cislo-2\/\">Ro\u010dn\u00edk 98 (2023), \u010d\u00edslo 2<\/a><\/li>\n\n\n\n<li><a href=\"https:\/\/rozhledy.jcmf.cz\/index.php\/archiv\/rocnik-98-2023-cislo-1\/\">Ro\u010dn\u00edk 98 (2023), \u010d\u00edslo 1<\/a> <\/li>\n<\/ul>\n\n\n\n<ul class=\"wp-block-list\">\n<li><a href=\"https:\/\/rozhledy.jcmf.cz\/index.php\/archiv\/rocnik-97-2022-cislo-1\/\">Ro\u010dn\u00edk 97 (2022), \u010d\u00edslo 1<\/a> <\/li>\n\n\n\n<li> <a href=\"https:\/\/rozhledy.jcmf.cz\/index.php\/archiv\/rocnik-97-2022-cislo-2\/\">Ro\u010dn\u00edk 97 (2022), \u010d\u00edslo 2<\/a> <\/li>\n\n\n\n<li> <a href=\"https:\/\/rozhledy.jcmf.cz\/index.php\/archiv\/rocnik-97-2022-cislo-3\/\">Ro\u010dn\u00edk 97 (2022), \u010d\u00edslo 3<\/a>   <\/li>\n\n\n\n<li><a href=\"https:\/\/rozhledy.jcmf.cz\/index.php\/archiv\/rocnik-97-2022-cislo-4\/\">Ro\u010dn\u00edk 97 (2022), \u010d\u00edslo 4<\/a>  <\/li>\n<\/ul>\n\n\n\n<ul class=\"wp-block-list\">\n<li> <a href=\"https:\/\/rozhledy.jcmf.cz\/index.php\/archiv\/rocnik-96-2021-cislo-1\/\">Ro\u010dn\u00edk 96 (2021), \u010d\u00edslo 1<\/a> <\/li>\n\n\n\n<li> <a href=\"https:\/\/rozhledy.jcmf.cz\/index.php\/archiv\/rocnik-96-2021-cislo-2\/\">Ro\u010dn\u00edk 96 (2021), \u010d\u00edslo 2<\/a>  <\/li>\n\n\n\n<li> <a href=\"https:\/\/rozhledy.jcmf.cz\/index.php\/archiv\/rocnik-96-2021-cislo-3\/\">Ro\u010dn\u00edk 96 (2021), \u010d\u00edslo 3<\/a>  <\/li>\n\n\n\n<li> <a href=\"https:\/\/rozhledy.jcmf.cz\/index.php\/archiv\/rocnik-96-2021-cislo-4\/\">Ro\u010dn\u00edk 96 (2021), \u010d\u00edslo 4<\/a>  <\/li>\n<\/ul>\n\n\n\n<ul class=\"wp-block-list\">\n<li><a href=\"https:\/\/rozhledy.jcmf.cz\/index.php\/archiv\/rocnik-95-2020-cislo-1\/\">Ro\u010dn\u00edk 95 (2020), \u010d\u00edslo 1<\/a><\/li>\n\n\n\n<li><a href=\"https:\/\/rozhledy.jcmf.cz\/index.php\/archiv\/rocnik-95-2020-cislo-2\/\">Ro\u010dn\u00edk 95 (2020), \u010d\u00edslo 2<\/a><\/li>\n\n\n\n<li> <a href=\"https:\/\/rozhledy.jcmf.cz\/index.php\/archiv\/rocnik-95-2020-cislo-3\/\">Ro\u010dn\u00edk 95 (2020), \u010d\u00edslo 3<\/a> <\/li>\n\n\n\n<li>  <a href=\"https:\/\/rozhledy.jcmf.cz\/index.php\/archiv\/rocnik-95-2020-cislo-4\/\">Ro\u010dn\u00edk 95 (2020), \u010d\u00edslo 4<\/a>  <\/li>\n<\/ul>\n\n\n\n<ul class=\"wp-block-list\">\n<li><a href=\"https:\/\/rozhledy.jcmf.cz\/index.php\/archiv\/rocnik-94-2019-cislo-1\/\">Ro\u010dn\u00edk 94 (2019), \u010d\u00edslo 1<\/a><\/li>\n\n\n\n<li><a href=\"https:\/\/rozhledy.jcmf.cz\/index.php\/archiv\/rocnik-94-2019-cislo-2\/\">Ro\u010dn\u00edk 94 (2019), \u010d\u00edslo 2<\/a><br><\/li>\n\n\n\n<li><a href=\"https:\/\/rozhledy.jcmf.cz\/index.php\/archiv\/rocnik-94-2019-cislo-3\/\">Ro\u010dn\u00edk 94 (2019), \u010d\u00edslo 3<\/a><\/li>\n\n\n\n<li><a href=\"https:\/\/rozhledy.jcmf.cz\/index.php\/archiv\/rocnik-94-2019-cislo-4\/\">Ro\u010dn\u00edk 94 (2019), \u010d\u00edslo 4<\/a> <\/li>\n<\/ul>\n","protected":false},"excerpt":{"rendered":"<p>Zde najdete obsah minul\u00fdch \u010d\u00edsel od r. 2019 a jejich PDF verze ke sta\u017een\u00ed.<\/p>\n","protected":false},"author":1,"featured_media":0,"parent":0,"menu_order":0,"comment_status":"closed","ping_status":"closed","template":"","meta":{"footnotes":""},"class_list":["post-96","page","type-page","status-publish","hentry"],"_links":{"self":[{"href":"https:\/\/rozhledy.jcmf.cz\/index.php\/wp-json\/wp\/v2\/pages\/96","targetHints":{"allow":["GET"]}}],"collection":[{"href":"https:\/\/rozhledy.jcmf.cz\/index.php\/wp-json\/wp\/v2\/pages"}],"about":[{"href":"https:\/\/rozhledy.jcmf.cz\/index.php\/wp-json\/wp\/v2\/types\/page"}],"author":[{"embeddable":true,"href":"https:\/\/rozhledy.jcmf.cz\/index.php\/wp-json\/wp\/v2\/users\/1"}],"replies":[{"embeddable":true,"href":"https:\/\/rozhledy.jcmf.cz\/index.php\/wp-json\/wp\/v2\/comments?post=96"}],"version-history":[{"count":27,"href":"https:\/\/rozhledy.jcmf.cz\/index.php\/wp-json\/wp\/v2\/pages\/96\/revisions"}],"predecessor-version":[{"id":777,"href":"https:\/\/rozhledy.jcmf.cz\/index.php\/wp-json\/wp\/v2\/pages\/96\/revisions\/777"}],"wp:attachment":[{"href":"https:\/\/rozhledy.jcmf.cz\/index.php\/wp-json\/wp\/v2\/media?parent=96"}],"curies":[{"name":"wp","href":"https:\/\/api.w.org\/{rel}","templated":true}]}}