{"id":98,"date":"2019-08-26T18:29:07","date_gmt":"2019-08-26T17:29:07","guid":{"rendered":"https:\/\/rozhledy.jcmf.cz\/?page_id=98"},"modified":"2023-03-25T08:18:58","modified_gmt":"2023-03-25T07:18:58","slug":"rocnik-94-2019-cislo-1","status":"publish","type":"page","link":"https:\/\/rozhledy.jcmf.cz\/index.php\/archiv\/rocnik-94-2019-cislo-1\/","title":{"rendered":"Ro\u010dn\u00edk 94 (2019), \u010d\u00edslo 1"},"content":{"rendered":"\n<p><strong>OBSAH<\/strong><br><em>M. Sn\u011btinov\u00e1<\/em>: Slovo \u00favodem <a href=\"https:\/\/dml.cz\/handle\/10338.dmlcz\/147676\"><\/a><br><em>\u013d. Dvo\u0159\u00e1kov\u00e1, D. Ryz\u00e1k<\/em>: Antipalindromick\u00e1 \u010d\u00edsla<br><em>J. Vyb\u00edral<\/em>: L\u00e9ka\u0159sk\u00e9 testy individu\u00e1ln\u00ed a skupinov\u00e9<br><em>E. \u0160ubert<\/em>: Pro\u010d jsou kan\u00e1ly kulat\u00e9<br><em>Z. Drozd, M. Sn\u011btinov\u00e1, K. \u017dilav\u00e1<\/em>: V\u00e1\u017een\u00ed Zem\u011bkoule<br><em>V. Wagner<\/em>: Hranice Mend\u011blejevovy tabulky prvk\u016f<br><em>J. Vyb\u00edral<\/em>: Matematika pro \u017eivot<br><em>L. Pick<\/em>: Sout\u011b\u017e \u010cMS pro mlad\u00e9<br><em>J. Machalick\u00e1<\/em>: Soust\u0159ed\u011bn\u00ed mlad\u00fdch fyzik\u016f a matematik\u016f<br><em>D. Grund<\/em>: TCN: L\u00e9to p\u0159eje aktivn\u00edm<br>Na\u0161e sout\u011b\u017e<\/p>\n\n\n\n<p style=\"text-align:right\"> <a href=\"https:\/\/rozhledy.jcmf.cz\/wp-content\/uploads\/RMF-94-1.pdf\" target=\"_blank\" rel=\"noreferrer noopener\" aria-label=\" (otev\u0159e se na nov\u00e9 z\u00e1lo\u017ece)\">PDF verze ke sta\u017een\u00ed<\/a>   <\/p>\n","protected":false},"excerpt":{"rendered":"<p>OBSAHM. Sn\u011btinov\u00e1: Slovo \u00favodem \u013d. Dvo\u0159\u00e1kov\u00e1, D. Ryz\u00e1k: Antipalindromick\u00e1 \u010d\u00edslaJ. Vyb\u00edral: L\u00e9ka\u0159sk\u00e9 testy individu\u00e1ln\u00ed a skupinov\u00e9E. \u0160ubert: Pro\u010d jsou kan\u00e1ly kulat\u00e9Z. Drozd, M. Sn\u011btinov\u00e1, K. \u017dilav\u00e1: V\u00e1\u017een\u00ed Zem\u011bkouleV. Wagner: Hranice Mend\u011blejevovy tabulky prvk\u016fJ. Vyb\u00edral: Matematika pro \u017eivotL. Pick: Sout\u011b\u017e \u010cMS pro mlad\u00e9J. Machalick\u00e1: Soust\u0159ed\u011bn\u00ed mlad\u00fdch fyzik\u016f a matematik\u016fD. Grund: TCN: L\u00e9to p\u0159eje aktivn\u00edmNa\u0161e sout\u011b\u017e PDF &hellip; <a href=\"https:\/\/rozhledy.jcmf.cz\/index.php\/archiv\/rocnik-94-2019-cislo-1\/\" class=\"more-link\">Pokra\u010dovat ve \u010dten\u00ed<span class=\"screen-reader-text\"> &#8222;Ro\u010dn\u00edk 94 (2019), \u010d\u00edslo 1&#8220;<\/span><\/a><\/p>\n","protected":false},"author":1,"featured_media":0,"parent":96,"menu_order":0,"comment_status":"closed","ping_status":"closed","template":"","meta":{"footnotes":""},"class_list":["post-98","page","type-page","status-publish","hentry"],"_links":{"self":[{"href":"https:\/\/rozhledy.jcmf.cz\/index.php\/wp-json\/wp\/v2\/pages\/98","targetHints":{"allow":["GET"]}}],"collection":[{"href":"https:\/\/rozhledy.jcmf.cz\/index.php\/wp-json\/wp\/v2\/pages"}],"about":[{"href":"https:\/\/rozhledy.jcmf.cz\/index.php\/wp-json\/wp\/v2\/types\/page"}],"author":[{"embeddable":true,"href":"https:\/\/rozhledy.jcmf.cz\/index.php\/wp-json\/wp\/v2\/users\/1"}],"replies":[{"embeddable":true,"href":"https:\/\/rozhledy.jcmf.cz\/index.php\/wp-json\/wp\/v2\/comments?post=98"}],"version-history":[{"count":6,"href":"https:\/\/rozhledy.jcmf.cz\/index.php\/wp-json\/wp\/v2\/pages\/98\/revisions"}],"predecessor-version":[{"id":540,"href":"https:\/\/rozhledy.jcmf.cz\/index.php\/wp-json\/wp\/v2\/pages\/98\/revisions\/540"}],"up":[{"embeddable":true,"href":"https:\/\/rozhledy.jcmf.cz\/index.php\/wp-json\/wp\/v2\/pages\/96"}],"wp:attachment":[{"href":"https:\/\/rozhledy.jcmf.cz\/index.php\/wp-json\/wp\/v2\/media?parent=98"}],"curies":[{"name":"wp","href":"https:\/\/api.w.org\/{rel}","templated":true}]}}